{"id":111508,"date":"2023-03-07T11:38:56","date_gmt":"2023-03-07T11:38:56","guid":{"rendered":"https:\/\/ifoffice.pt\/?post_type=product&#038;p=111508"},"modified":"2026-02-23T13:38:46","modified_gmt":"2026-02-23T13:38:46","slug":"pastas-aneis-liderpapel-cartao-couro-folio-ao-alto-lombada-55-2aneis-2","status":"publish","type":"product","link":"https:\/\/ifoffice.pt\/?product=pastas-aneis-liderpapel-cartao-couro-folio-ao-alto-lombada-55-2aneis-2","title":{"rendered":"Pasta aneis liderpapel cartao couro folio 2 aneis 40mm mistos lombada 55 mm"},"content":{"rendered":"<p>Fabricadas em cart\u00e3o compacto. An\u00e9is redondos e mistos. Formato f\u00f3lio e formato quarto.<\/p>\n","protected":false},"excerpt":{"rendered":"<p>Pasta aneis liderpapel cartao couro folio 2 aneis 40mm mistos lombada 55 mm<\/p>\n","protected":false},"featured_media":127157,"comment_status":"open","ping_status":"closed","template":"","meta":{"neve_meta_sidebar":"","neve_meta_container":"","neve_meta_enable_content_width":"","neve_meta_content_width":0,"neve_meta_title_alignment":"","neve_meta_author_avatar":"","neve_post_elements_order":"","neve_meta_disable_header":"","neve_meta_disable_footer":"","neve_meta_disable_title":""},"product_brand":[],"product_cat":[1906],"product_tag":[],"class_list":{"0":"post-111508","1":"product","2":"type-product","3":"status-publish","4":"has-post-thumbnail","6":"product_cat-pastas-de-aneis-em-cartao","8":"first","9":"instock","10":"taxable","11":"shipping-taxable","12":"purchasable","13":"product-type-simple"},"_links":{"self":[{"href":"https:\/\/ifoffice.pt\/index.php?rest_route=\/wp\/v2\/product\/111508","targetHints":{"allow":["GET"]}}],"collection":[{"href":"https:\/\/ifoffice.pt\/index.php?rest_route=\/wp\/v2\/product"}],"about":[{"href":"https:\/\/ifoffice.pt\/index.php?rest_route=\/wp\/v2\/types\/product"}],"replies":[{"embeddable":true,"href":"https:\/\/ifoffice.pt\/index.php?rest_route=%2Fwp%2Fv2%2Fcomments&post=111508"}],"wp:featuredmedia":[{"embeddable":true,"href":"https:\/\/ifoffice.pt\/index.php?rest_route=\/wp\/v2\/media\/127157"}],"wp:attachment":[{"href":"https:\/\/ifoffice.pt\/index.php?rest_route=%2Fwp%2Fv2%2Fmedia&parent=111508"}],"wp:term":[{"taxonomy":"product_brand","embeddable":true,"href":"https:\/\/ifoffice.pt\/index.php?rest_route=%2Fwp%2Fv2%2Fproduct_brand&post=111508"},{"taxonomy":"product_cat","embeddable":true,"href":"https:\/\/ifoffice.pt\/index.php?rest_route=%2Fwp%2Fv2%2Fproduct_cat&post=111508"},{"taxonomy":"product_tag","embeddable":true,"href":"https:\/\/ifoffice.pt\/index.php?rest_route=%2Fwp%2Fv2%2Fproduct_tag&post=111508"}],"curies":[{"name":"wp","href":"https:\/\/api.w.org\/{rel}","templated":true}]}}