{"id":111424,"date":"2023-03-07T11:37:56","date_gmt":"2023-03-07T11:37:56","guid":{"rendered":"https:\/\/ifoffice.pt\/?post_type=product&#038;p=111424"},"modified":"2026-02-23T14:54:57","modified_gmt":"2026-02-23T14:54:57","slug":"lombadas-plastico-para-encadernacao-preto-a4-2","status":"publish","type":"product","link":"https:\/\/ifoffice.pt\/?product=lombadas-plastico-para-encadernacao-preto-a4-2","title":{"rendered":"Lombadas plastico para encadernacao, preto a4"},"content":{"rendered":"<p>Lombadas de pl\u00e1stico para fixa\u00e7\u00e3o de papeis mediante press\u00e3o, permitindo uma encaderna\u00e7\u00e3o c\u00f3moda e r\u00e1pida. Medidas: 81 x 89 x 302 mmm.<\/p>\n","protected":false},"excerpt":{"rendered":"<p>PACK DE 50 UNIDADES<\/p>\n","protected":false},"featured_media":126955,"comment_status":"open","ping_status":"closed","template":"","meta":{"neve_meta_sidebar":"","neve_meta_container":"","neve_meta_enable_content_width":"","neve_meta_content_width":0,"neve_meta_title_alignment":"","neve_meta_author_avatar":"","neve_post_elements_order":"","neve_meta_disable_header":"","neve_meta_disable_footer":"","neve_meta_disable_title":""},"product_brand":[],"product_cat":[1894],"product_tag":[],"class_list":{"0":"post-111424","1":"product","2":"type-product","3":"status-publish","4":"has-post-thumbnail","6":"product_cat-dossier","8":"first","9":"instock","10":"taxable","11":"shipping-taxable","12":"purchasable","13":"product-type-simple"},"_links":{"self":[{"href":"https:\/\/ifoffice.pt\/index.php?rest_route=\/wp\/v2\/product\/111424","targetHints":{"allow":["GET"]}}],"collection":[{"href":"https:\/\/ifoffice.pt\/index.php?rest_route=\/wp\/v2\/product"}],"about":[{"href":"https:\/\/ifoffice.pt\/index.php?rest_route=\/wp\/v2\/types\/product"}],"replies":[{"embeddable":true,"href":"https:\/\/ifoffice.pt\/index.php?rest_route=%2Fwp%2Fv2%2Fcomments&post=111424"}],"wp:featuredmedia":[{"embeddable":true,"href":"https:\/\/ifoffice.pt\/index.php?rest_route=\/wp\/v2\/media\/126955"}],"wp:attachment":[{"href":"https:\/\/ifoffice.pt\/index.php?rest_route=%2Fwp%2Fv2%2Fmedia&parent=111424"}],"wp:term":[{"taxonomy":"product_brand","embeddable":true,"href":"https:\/\/ifoffice.pt\/index.php?rest_route=%2Fwp%2Fv2%2Fproduct_brand&post=111424"},{"taxonomy":"product_cat","embeddable":true,"href":"https:\/\/ifoffice.pt\/index.php?rest_route=%2Fwp%2Fv2%2Fproduct_cat&post=111424"},{"taxonomy":"product_tag","embeddable":true,"href":"https:\/\/ifoffice.pt\/index.php?rest_route=%2Fwp%2Fv2%2Fproduct_tag&post=111424"}],"curies":[{"name":"wp","href":"https:\/\/api.w.org\/{rel}","templated":true}]}}