{"id":111421,"date":"2023-03-07T11:37:52","date_gmt":"2023-03-07T11:37:52","guid":{"rendered":"https:\/\/ifoffice.pt\/?post_type=product&#038;p=111421"},"modified":"2026-02-23T12:56:19","modified_gmt":"2026-02-23T12:56:19","slug":"set-de-pintura-liderpapel-madeira-245-pecas-mala-49x366x45-cm","status":"publish","type":"product","link":"https:\/\/ifoffice.pt\/?product=set-de-pintura-liderpapel-madeira-245-pecas-mala-49x366x45-cm","title":{"rendered":"Set de pintura liderpapel madeira 245 pecas mala 49&#215;36,6&#215;4,5 cm"},"content":{"rendered":"<p>Conjunto de desenho e pintura num elegante estojo de madeira: elementos criativos essenciais para desenhar e colorir a qualquer momento e em qualquer lugar. Conte\u00fado: marcadores de cor, l\u00e1pis de cor, l\u00e1pis de cera, l\u00e1pis de ceras suaves, aguarelas, clips, l\u00e1pis, pincel, cola, borracha, apara l\u00e1pis, cola branca e paleta. O conjunto.<\/p>\n","protected":false},"excerpt":{"rendered":"<p>Set de pintura liderpapel madeira 245 pecas mala 49&#215;36,6&#215;4,5 cm<\/p>\n","protected":false},"featured_media":113379,"comment_status":"open","ping_status":"closed","template":"","meta":{"neve_meta_sidebar":"","neve_meta_container":"","neve_meta_enable_content_width":"","neve_meta_content_width":0,"neve_meta_title_alignment":"","neve_meta_author_avatar":"","neve_post_elements_order":"","neve_meta_disable_header":"","neve_meta_disable_footer":"","neve_meta_disable_title":""},"product_brand":[],"product_cat":[1755],"product_tag":[],"class_list":{"0":"post-111421","1":"product","2":"type-product","3":"status-publish","4":"has-post-thumbnail","6":"product_cat-outros","8":"first","9":"instock","10":"taxable","11":"shipping-taxable","12":"purchasable","13":"product-type-simple"},"_links":{"self":[{"href":"https:\/\/ifoffice.pt\/index.php?rest_route=\/wp\/v2\/product\/111421","targetHints":{"allow":["GET"]}}],"collection":[{"href":"https:\/\/ifoffice.pt\/index.php?rest_route=\/wp\/v2\/product"}],"about":[{"href":"https:\/\/ifoffice.pt\/index.php?rest_route=\/wp\/v2\/types\/product"}],"replies":[{"embeddable":true,"href":"https:\/\/ifoffice.pt\/index.php?rest_route=%2Fwp%2Fv2%2Fcomments&post=111421"}],"wp:featuredmedia":[{"embeddable":true,"href":"https:\/\/ifoffice.pt\/index.php?rest_route=\/wp\/v2\/media\/113379"}],"wp:attachment":[{"href":"https:\/\/ifoffice.pt\/index.php?rest_route=%2Fwp%2Fv2%2Fmedia&parent=111421"}],"wp:term":[{"taxonomy":"product_brand","embeddable":true,"href":"https:\/\/ifoffice.pt\/index.php?rest_route=%2Fwp%2Fv2%2Fproduct_brand&post=111421"},{"taxonomy":"product_cat","embeddable":true,"href":"https:\/\/ifoffice.pt\/index.php?rest_route=%2Fwp%2Fv2%2Fproduct_cat&post=111421"},{"taxonomy":"product_tag","embeddable":true,"href":"https:\/\/ifoffice.pt\/index.php?rest_route=%2Fwp%2Fv2%2Fproduct_tag&post=111421"}],"curies":[{"name":"wp","href":"https:\/\/api.w.org\/{rel}","templated":true}]}}