{"id":111418,"date":"2023-03-07T11:37:49","date_gmt":"2023-03-07T11:37:49","guid":{"rendered":"https:\/\/ifoffice.pt\/?post_type=product&#038;p=111418"},"modified":"2026-02-23T12:56:20","modified_gmt":"2026-02-23T12:56:20","slug":"cavalete-de-pintura-liderpapel-madeira-fsc-175x585-cm","status":"publish","type":"product","link":"https:\/\/ifoffice.pt\/?product=cavalete-de-pintura-liderpapel-madeira-fsc-175x585-cm","title":{"rendered":"Cavalete de pintura liderpapel madeira fsc 175&#215;58,5 cm"},"content":{"rendered":"<p>Ideal tanto para principiantes como para profissionais na arte da pintura. Pode-se tamb\u00e9m utilizar para expor obras terminadas. Fabricado em madeira de florestas sustent\u00e1veis. Madeira limpa, polida e robusta. Inclina\u00e7\u00e3o regul\u00e1vel. F\u00e1cil de dobrar e montar. Inclui manual de instru\u00e7\u00f5es de montagem. Medidas: 56 x 175 x 75 cm.  O cavalete.<\/p>\n","protected":false},"excerpt":{"rendered":"<p>Cavalete de pintura liderpapel madeira fsc 175&#215;58,5 cm<\/p>\n","protected":false},"featured_media":113384,"comment_status":"open","ping_status":"closed","template":"","meta":{"neve_meta_sidebar":"","neve_meta_container":"","neve_meta_enable_content_width":"","neve_meta_content_width":0,"neve_meta_title_alignment":"","neve_meta_author_avatar":"","neve_post_elements_order":"","neve_meta_disable_header":"","neve_meta_disable_footer":"","neve_meta_disable_title":""},"product_brand":[],"product_cat":[2299],"product_tag":[],"class_list":{"0":"post-111418","1":"product","2":"type-product","3":"status-publish","4":"has-post-thumbnail","6":"product_cat-cavaletes","8":"first","9":"outofstock","10":"taxable","11":"shipping-taxable","12":"purchasable","13":"product-type-simple"},"_links":{"self":[{"href":"https:\/\/ifoffice.pt\/index.php?rest_route=\/wp\/v2\/product\/111418","targetHints":{"allow":["GET"]}}],"collection":[{"href":"https:\/\/ifoffice.pt\/index.php?rest_route=\/wp\/v2\/product"}],"about":[{"href":"https:\/\/ifoffice.pt\/index.php?rest_route=\/wp\/v2\/types\/product"}],"replies":[{"embeddable":true,"href":"https:\/\/ifoffice.pt\/index.php?rest_route=%2Fwp%2Fv2%2Fcomments&post=111418"}],"wp:featuredmedia":[{"embeddable":true,"href":"https:\/\/ifoffice.pt\/index.php?rest_route=\/wp\/v2\/media\/113384"}],"wp:attachment":[{"href":"https:\/\/ifoffice.pt\/index.php?rest_route=%2Fwp%2Fv2%2Fmedia&parent=111418"}],"wp:term":[{"taxonomy":"product_brand","embeddable":true,"href":"https:\/\/ifoffice.pt\/index.php?rest_route=%2Fwp%2Fv2%2Fproduct_brand&post=111418"},{"taxonomy":"product_cat","embeddable":true,"href":"https:\/\/ifoffice.pt\/index.php?rest_route=%2Fwp%2Fv2%2Fproduct_cat&post=111418"},{"taxonomy":"product_tag","embeddable":true,"href":"https:\/\/ifoffice.pt\/index.php?rest_route=%2Fwp%2Fv2%2Fproduct_tag&post=111418"}],"curies":[{"name":"wp","href":"https:\/\/api.w.org\/{rel}","templated":true}]}}