{"id":110826,"date":"2023-03-07T11:30:02","date_gmt":"2023-03-07T11:30:02","guid":{"rendered":"https:\/\/ifoffice.pt\/?post_type=product&#038;p=110826"},"modified":"2026-02-23T13:37:12","modified_gmt":"2026-02-23T13:37:12","slug":"tinta-china-preta-pelikan-1-lt-2","status":"publish","type":"product","link":"https:\/\/ifoffice.pt\/?product=tinta-china-preta-pelikan-1-lt-2","title":{"rendered":"Tinta china preta pelikan 1 lt"},"content":{"rendered":"<p>Para papel, cart\u00e3o, opaca para  heliografias. Resistente \u00e0 \u00e1gua.  1 litro.<\/p>\n","protected":false},"excerpt":{"rendered":"<p>Tinta china preta pelikan 1 lt<\/p>\n","protected":false},"featured_media":126705,"comment_status":"open","ping_status":"closed","template":"","meta":{"neve_meta_sidebar":"","neve_meta_container":"","neve_meta_enable_content_width":"","neve_meta_content_width":0,"neve_meta_title_alignment":"","neve_meta_author_avatar":"","neve_post_elements_order":"","neve_meta_disable_header":"","neve_meta_disable_footer":"","neve_meta_disable_title":""},"product_brand":[],"product_cat":[2008],"product_tag":[],"class_list":{"0":"post-110826","1":"product","2":"type-product","3":"status-publish","4":"has-post-thumbnail","6":"product_cat-outros-artigos-de-desenho","8":"first","9":"instock","10":"taxable","11":"shipping-taxable","12":"purchasable","13":"product-type-simple"},"_links":{"self":[{"href":"https:\/\/ifoffice.pt\/index.php?rest_route=\/wp\/v2\/product\/110826","targetHints":{"allow":["GET"]}}],"collection":[{"href":"https:\/\/ifoffice.pt\/index.php?rest_route=\/wp\/v2\/product"}],"about":[{"href":"https:\/\/ifoffice.pt\/index.php?rest_route=\/wp\/v2\/types\/product"}],"replies":[{"embeddable":true,"href":"https:\/\/ifoffice.pt\/index.php?rest_route=%2Fwp%2Fv2%2Fcomments&post=110826"}],"wp:featuredmedia":[{"embeddable":true,"href":"https:\/\/ifoffice.pt\/index.php?rest_route=\/wp\/v2\/media\/126705"}],"wp:attachment":[{"href":"https:\/\/ifoffice.pt\/index.php?rest_route=%2Fwp%2Fv2%2Fmedia&parent=110826"}],"wp:term":[{"taxonomy":"product_brand","embeddable":true,"href":"https:\/\/ifoffice.pt\/index.php?rest_route=%2Fwp%2Fv2%2Fproduct_brand&post=110826"},{"taxonomy":"product_cat","embeddable":true,"href":"https:\/\/ifoffice.pt\/index.php?rest_route=%2Fwp%2Fv2%2Fproduct_cat&post=110826"},{"taxonomy":"product_tag","embeddable":true,"href":"https:\/\/ifoffice.pt\/index.php?rest_route=%2Fwp%2Fv2%2Fproduct_tag&post=110826"}],"curies":[{"name":"wp","href":"https:\/\/api.w.org\/{rel}","templated":true}]}}