{"id":110750,"date":"2023-03-07T11:29:16","date_gmt":"2023-03-07T11:29:16","guid":{"rendered":"https:\/\/ifoffice.pt\/?post_type=product&#038;p=110750"},"modified":"2025-03-12T12:35:50","modified_gmt":"2025-03-12T12:35:50","slug":"taladror-rapesco-alu-40-negro-4-taladros-capacidad-40-hojas","status":"publish","type":"product","link":"https:\/\/ifoffice.pt\/?product=taladror-rapesco-alu-40-negro-4-taladros-capacidad-40-hojas","title":{"rendered":"Taladror rapesco alu 40 negro 4 taladros capacidad 40 hojas"},"content":{"rendered":"<p>Furador de 4 furos com uma pega longa. Estrutura met\u00e1lica, com pega em alum\u00ednio. Bandeja para confetis e ajustador met\u00e1lico de margens. Medidas: 280 x 190 x 93 mm (bloqueado) 170 mm (desbloqueado). O furador.<\/p>\n","protected":false},"excerpt":{"rendered":"<p>Furador de 4 furos com uma pega longa. Estrutura met\u00e1lica, com pega em alum\u00ednio. Bandeja para confetis e ajustador met\u00e1lico de margens. Medidas: 280 x 190 x 93 mm (bloqueado) 170 mm (desbloqueado). O furador.<\/p>\n","protected":false},"featured_media":117235,"comment_status":"open","ping_status":"closed","template":"","meta":{"neve_meta_sidebar":"","neve_meta_container":"","neve_meta_enable_content_width":"","neve_meta_content_width":0,"neve_meta_title_alignment":"","neve_meta_author_avatar":"","neve_post_elements_order":"","neve_meta_disable_header":"","neve_meta_disable_footer":"","neve_meta_disable_title":""},"product_brand":[],"product_cat":[1810],"product_tag":[2847],"class_list":{"0":"post-110750","1":"product","2":"type-product","3":"status-publish","4":"has-post-thumbnail","6":"product_cat-furadores-de-secretaria","7":"product_tag-furadores-de-secretaria-2","9":"first","10":"outofstock","11":"taxable","12":"shipping-taxable","13":"purchasable","14":"product-type-simple"},"_links":{"self":[{"href":"https:\/\/ifoffice.pt\/index.php?rest_route=\/wp\/v2\/product\/110750","targetHints":{"allow":["GET"]}}],"collection":[{"href":"https:\/\/ifoffice.pt\/index.php?rest_route=\/wp\/v2\/product"}],"about":[{"href":"https:\/\/ifoffice.pt\/index.php?rest_route=\/wp\/v2\/types\/product"}],"replies":[{"embeddable":true,"href":"https:\/\/ifoffice.pt\/index.php?rest_route=%2Fwp%2Fv2%2Fcomments&post=110750"}],"wp:featuredmedia":[{"embeddable":true,"href":"https:\/\/ifoffice.pt\/index.php?rest_route=\/wp\/v2\/media\/117235"}],"wp:attachment":[{"href":"https:\/\/ifoffice.pt\/index.php?rest_route=%2Fwp%2Fv2%2Fmedia&parent=110750"}],"wp:term":[{"taxonomy":"product_brand","embeddable":true,"href":"https:\/\/ifoffice.pt\/index.php?rest_route=%2Fwp%2Fv2%2Fproduct_brand&post=110750"},{"taxonomy":"product_cat","embeddable":true,"href":"https:\/\/ifoffice.pt\/index.php?rest_route=%2Fwp%2Fv2%2Fproduct_cat&post=110750"},{"taxonomy":"product_tag","embeddable":true,"href":"https:\/\/ifoffice.pt\/index.php?rest_route=%2Fwp%2Fv2%2Fproduct_tag&post=110750"}],"curies":[{"name":"wp","href":"https:\/\/api.w.org\/{rel}","templated":true}]}}