{"id":110745,"date":"2023-03-07T11:29:14","date_gmt":"2023-03-07T11:29:14","guid":{"rendered":"https:\/\/ifoffice.pt\/?post_type=product&#038;p=110745"},"modified":"2025-03-12T12:35:47","modified_gmt":"2025-03-12T12:35:47","slug":"taladrador-rapesco-825-metal-negro-2-taladros-capacidad-25-hojas","status":"publish","type":"product","link":"https:\/\/ifoffice.pt\/?product=taladrador-rapesco-825-metal-negro-2-taladros-capacidad-25-hojas","title":{"rendered":"Taladrador rapesco 825 metal negro 2 taladros capacidad 25 hojas"},"content":{"rendered":"<p>Furador met\u00e1lico de tamanho m\u00e9dio. Disp\u00f5e de um bloqueio para melhor armazenagem e uma janela de personaliza\u00e7\u00e3o. Medidas: 108 x 98 x 56 mm (bloqueado) 78 mm (desbloqueado). O furador.<\/p>\n","protected":false},"excerpt":{"rendered":"<p>Furador met\u00e1lico de tamanho m\u00e9dio. Disp\u00f5e de um bloqueio para melhor armazenagem e uma janela de personaliza\u00e7\u00e3o. Medidas: 108 x 98 x 56 mm (bloqueado) 78 mm (desbloqueado). O furador.<\/p>\n","protected":false},"featured_media":117237,"comment_status":"open","ping_status":"closed","template":"","meta":{"neve_meta_sidebar":"","neve_meta_container":"","neve_meta_enable_content_width":"","neve_meta_content_width":0,"neve_meta_title_alignment":"","neve_meta_author_avatar":"","neve_post_elements_order":"","neve_meta_disable_header":"","neve_meta_disable_footer":"","neve_meta_disable_title":""},"product_brand":[],"product_cat":[1810],"product_tag":[2847],"class_list":{"0":"post-110745","1":"product","2":"type-product","3":"status-publish","4":"has-post-thumbnail","6":"product_cat-furadores-de-secretaria","7":"product_tag-furadores-de-secretaria-2","9":"first","10":"outofstock","11":"taxable","12":"shipping-taxable","13":"purchasable","14":"product-type-simple"},"_links":{"self":[{"href":"https:\/\/ifoffice.pt\/index.php?rest_route=\/wp\/v2\/product\/110745","targetHints":{"allow":["GET"]}}],"collection":[{"href":"https:\/\/ifoffice.pt\/index.php?rest_route=\/wp\/v2\/product"}],"about":[{"href":"https:\/\/ifoffice.pt\/index.php?rest_route=\/wp\/v2\/types\/product"}],"replies":[{"embeddable":true,"href":"https:\/\/ifoffice.pt\/index.php?rest_route=%2Fwp%2Fv2%2Fcomments&post=110745"}],"wp:featuredmedia":[{"embeddable":true,"href":"https:\/\/ifoffice.pt\/index.php?rest_route=\/wp\/v2\/media\/117237"}],"wp:attachment":[{"href":"https:\/\/ifoffice.pt\/index.php?rest_route=%2Fwp%2Fv2%2Fmedia&parent=110745"}],"wp:term":[{"taxonomy":"product_brand","embeddable":true,"href":"https:\/\/ifoffice.pt\/index.php?rest_route=%2Fwp%2Fv2%2Fproduct_brand&post=110745"},{"taxonomy":"product_cat","embeddable":true,"href":"https:\/\/ifoffice.pt\/index.php?rest_route=%2Fwp%2Fv2%2Fproduct_cat&post=110745"},{"taxonomy":"product_tag","embeddable":true,"href":"https:\/\/ifoffice.pt\/index.php?rest_route=%2Fwp%2Fv2%2Fproduct_tag&post=110745"}],"curies":[{"name":"wp","href":"https:\/\/api.w.org\/{rel}","templated":true}]}}