{"id":110713,"date":"2023-03-07T11:28:46","date_gmt":"2023-03-07T11:28:46","guid":{"rendered":"https:\/\/ifoffice.pt\/?post_type=product&#038;p=110713"},"modified":"2026-02-23T13:02:21","modified_gmt":"2026-02-23T13:02:21","slug":"suporte-conector-nobo-para-tela-separadora-modular-nobo-premium-plus","status":"publish","type":"product","link":"https:\/\/ifoffice.pt\/?product=suporte-conector-nobo-para-tela-separadora-modular-nobo-premium-plus","title":{"rendered":"Suporte conector nobo para tela separadora modular nobo premium plus"},"content":{"rendered":"<p>Suporte de conex\u00e3o da tela foi concebido para ligar as telas modulares de mesa. Tamb\u00e9m fornece estabilidade adicional quando utilizado numa secret\u00e1ria ou mesa.<\/p>\n","protected":false},"excerpt":{"rendered":"<p>Suporte conector nobo para tela separadora modular nobo premium plus<\/p>\n","protected":false},"featured_media":115465,"comment_status":"open","ping_status":"closed","template":"","meta":{"neve_meta_sidebar":"","neve_meta_container":"","neve_meta_enable_content_width":"","neve_meta_content_width":0,"neve_meta_title_alignment":"","neve_meta_author_avatar":"","neve_post_elements_order":"","neve_meta_disable_header":"","neve_meta_disable_footer":"","neve_meta_disable_title":""},"product_brand":[],"product_cat":[1793],"product_tag":[],"class_list":{"0":"post-110713","1":"product","2":"type-product","3":"status-publish","4":"has-post-thumbnail","6":"product_cat-mobiliario-auxiliar","8":"first","9":"instock","10":"taxable","11":"shipping-taxable","12":"purchasable","13":"product-type-simple"},"_links":{"self":[{"href":"https:\/\/ifoffice.pt\/index.php?rest_route=\/wp\/v2\/product\/110713","targetHints":{"allow":["GET"]}}],"collection":[{"href":"https:\/\/ifoffice.pt\/index.php?rest_route=\/wp\/v2\/product"}],"about":[{"href":"https:\/\/ifoffice.pt\/index.php?rest_route=\/wp\/v2\/types\/product"}],"replies":[{"embeddable":true,"href":"https:\/\/ifoffice.pt\/index.php?rest_route=%2Fwp%2Fv2%2Fcomments&post=110713"}],"wp:featuredmedia":[{"embeddable":true,"href":"https:\/\/ifoffice.pt\/index.php?rest_route=\/wp\/v2\/media\/115465"}],"wp:attachment":[{"href":"https:\/\/ifoffice.pt\/index.php?rest_route=%2Fwp%2Fv2%2Fmedia&parent=110713"}],"wp:term":[{"taxonomy":"product_brand","embeddable":true,"href":"https:\/\/ifoffice.pt\/index.php?rest_route=%2Fwp%2Fv2%2Fproduct_brand&post=110713"},{"taxonomy":"product_cat","embeddable":true,"href":"https:\/\/ifoffice.pt\/index.php?rest_route=%2Fwp%2Fv2%2Fproduct_cat&post=110713"},{"taxonomy":"product_tag","embeddable":true,"href":"https:\/\/ifoffice.pt\/index.php?rest_route=%2Fwp%2Fv2%2Fproduct_tag&post=110713"}],"curies":[{"name":"wp","href":"https:\/\/api.w.org\/{rel}","templated":true}]}}