{"id":110651,"date":"2023-03-07T11:27:47","date_gmt":"2023-03-07T11:27:47","guid":{"rendered":"https:\/\/ifoffice.pt\/?post_type=product&#038;p=110651"},"modified":"2026-02-23T13:15:29","modified_gmt":"2026-02-23T13:15:29","slug":"rolo-diset-para-guardar-os-puzzles-de-500-2000-pecas","status":"publish","type":"product","link":"https:\/\/ifoffice.pt\/?product=rolo-diset-para-guardar-os-puzzles-de-500-2000-pecas","title":{"rendered":"Rolo diset para guardar os puzzles de 500-2000 pecas"},"content":{"rendered":"<p>SISTEMA PARA GUARDAR OS PUZZLES INICIADOS DE 500-2000 PE\u00c7AS. PR\u00c1TICO E SIMPLES. N\u00c3O OCUPA MUITO ESPA\u00c7O.  (PODE GUARDAR-SE DE FORMA VERTICAL).<\/p>\n","protected":false},"excerpt":{"rendered":"<p>Rolo diset para guardar os puzzles de 500-2000 pecas<\/p>\n","protected":false},"featured_media":119620,"comment_status":"open","ping_status":"closed","template":"","meta":{"neve_meta_sidebar":"","neve_meta_container":"","neve_meta_enable_content_width":"","neve_meta_content_width":0,"neve_meta_title_alignment":"","neve_meta_author_avatar":"","neve_post_elements_order":"","neve_meta_disable_header":"","neve_meta_disable_footer":"","neve_meta_disable_title":""},"product_brand":[],"product_cat":[1916],"product_tag":[2880],"class_list":{"0":"post-110651","1":"product","2":"type-product","3":"status-publish","4":"has-post-thumbnail","6":"product_cat-puzzles-e-quebra-cabecas","7":"product_tag-escolar2023","9":"first","10":"instock","11":"sale","12":"taxable","13":"shipping-taxable","14":"purchasable","15":"product-type-simple"},"_links":{"self":[{"href":"https:\/\/ifoffice.pt\/index.php?rest_route=\/wp\/v2\/product\/110651","targetHints":{"allow":["GET"]}}],"collection":[{"href":"https:\/\/ifoffice.pt\/index.php?rest_route=\/wp\/v2\/product"}],"about":[{"href":"https:\/\/ifoffice.pt\/index.php?rest_route=\/wp\/v2\/types\/product"}],"replies":[{"embeddable":true,"href":"https:\/\/ifoffice.pt\/index.php?rest_route=%2Fwp%2Fv2%2Fcomments&post=110651"}],"wp:featuredmedia":[{"embeddable":true,"href":"https:\/\/ifoffice.pt\/index.php?rest_route=\/wp\/v2\/media\/119620"}],"wp:attachment":[{"href":"https:\/\/ifoffice.pt\/index.php?rest_route=%2Fwp%2Fv2%2Fmedia&parent=110651"}],"wp:term":[{"taxonomy":"product_brand","embeddable":true,"href":"https:\/\/ifoffice.pt\/index.php?rest_route=%2Fwp%2Fv2%2Fproduct_brand&post=110651"},{"taxonomy":"product_cat","embeddable":true,"href":"https:\/\/ifoffice.pt\/index.php?rest_route=%2Fwp%2Fv2%2Fproduct_cat&post=110651"},{"taxonomy":"product_tag","embeddable":true,"href":"https:\/\/ifoffice.pt\/index.php?rest_route=%2Fwp%2Fv2%2Fproduct_tag&post=110651"}],"curies":[{"name":"wp","href":"https:\/\/api.w.org\/{rel}","templated":true}]}}