{"id":110629,"date":"2023-03-07T11:27:30","date_gmt":"2023-03-07T11:27:30","guid":{"rendered":"https:\/\/ifoffice.pt\/?post_type=product&#038;p=110629"},"modified":"2026-02-23T13:37:34","modified_gmt":"2026-02-23T13:37:34","slug":"rolo-auto-adesivo-aironfix-transparente-rolo-de-20-mt-2","status":"publish","type":"product","link":"https:\/\/ifoffice.pt\/?product=rolo-auto-adesivo-aironfix-transparente-rolo-de-20-mt-2","title":{"rendered":"Rolo auto-adesivo aironfix transparente- rolo de 20 mt"},"content":{"rendered":"<p>Rolos de papel plastificado auto adesivo. Para forrar qualquer tipo de superf\u00edcies, especialmente madeira, metal, pl\u00e1stico, paredes, etc. Ampla gama de cores e de desenhos. Solu\u00e7\u00f5es praticamente ilimitadas. O\u00a0rolo.<\/p>\n","protected":false},"excerpt":{"rendered":"<p>Rolo auto-adesivo aironfix transparente- rolo de 20 mt<\/p>\n","protected":false},"featured_media":126811,"comment_status":"open","ping_status":"closed","template":"","meta":{"neve_meta_sidebar":"","neve_meta_container":"","neve_meta_enable_content_width":"","neve_meta_content_width":0,"neve_meta_title_alignment":"","neve_meta_author_avatar":"","neve_post_elements_order":"","neve_meta_disable_header":"","neve_meta_disable_footer":"","neve_meta_disable_title":""},"product_brand":[],"product_cat":[1972],"product_tag":[],"class_list":{"0":"post-110629","1":"product","2":"type-product","3":"status-publish","4":"has-post-thumbnail","6":"product_cat-rolos-auto-adesivos","8":"first","9":"instock","10":"taxable","11":"shipping-taxable","12":"purchasable","13":"product-type-simple"},"_links":{"self":[{"href":"https:\/\/ifoffice.pt\/index.php?rest_route=\/wp\/v2\/product\/110629","targetHints":{"allow":["GET"]}}],"collection":[{"href":"https:\/\/ifoffice.pt\/index.php?rest_route=\/wp\/v2\/product"}],"about":[{"href":"https:\/\/ifoffice.pt\/index.php?rest_route=\/wp\/v2\/types\/product"}],"replies":[{"embeddable":true,"href":"https:\/\/ifoffice.pt\/index.php?rest_route=%2Fwp%2Fv2%2Fcomments&post=110629"}],"wp:featuredmedia":[{"embeddable":true,"href":"https:\/\/ifoffice.pt\/index.php?rest_route=\/wp\/v2\/media\/126811"}],"wp:attachment":[{"href":"https:\/\/ifoffice.pt\/index.php?rest_route=%2Fwp%2Fv2%2Fmedia&parent=110629"}],"wp:term":[{"taxonomy":"product_brand","embeddable":true,"href":"https:\/\/ifoffice.pt\/index.php?rest_route=%2Fwp%2Fv2%2Fproduct_brand&post=110629"},{"taxonomy":"product_cat","embeddable":true,"href":"https:\/\/ifoffice.pt\/index.php?rest_route=%2Fwp%2Fv2%2Fproduct_cat&post=110629"},{"taxonomy":"product_tag","embeddable":true,"href":"https:\/\/ifoffice.pt\/index.php?rest_route=%2Fwp%2Fv2%2Fproduct_tag&post=110629"}],"curies":[{"name":"wp","href":"https:\/\/api.w.org\/{rel}","templated":true}]}}