{"id":110607,"date":"2023-03-07T11:27:13","date_gmt":"2023-03-07T11:27:13","guid":{"rendered":"https:\/\/ifoffice.pt\/?post_type=product&#038;p=110607"},"modified":"2026-02-23T12:56:17","modified_gmt":"2026-02-23T12:56:17","slug":"roller-pentel-energel-bl107-07mm-azul-expositor-de-12-unidades","status":"publish","type":"product","link":"https:\/\/ifoffice.pt\/?product=roller-pentel-energel-bl107-07mm-azul-expositor-de-12-unidades","title":{"rendered":"Roller pentel energel bl107 0,7mm azul expositor de 12 unidades"},"content":{"rendered":"<p>Roller de 0,7 mm retr\u00e1til. Com grip de borracha. Inovadora tinta pigmentada d\u00e1 uma sensa\u00e7\u00e3o de escrita suave sem ter de pressionar. Ideal para notas, assinaturas e escrita em geral. Dispon\u00edvel em 12 cores. Usa recargas LR7. O roller.<\/p>\n","protected":false},"excerpt":{"rendered":"<p>Roller pentel energel bl107 0,7mm azul expositor de 12 unidades<\/p>\n","protected":false},"featured_media":113373,"comment_status":"open","ping_status":"closed","template":"","meta":{"neve_meta_sidebar":"","neve_meta_container":"","neve_meta_enable_content_width":"","neve_meta_content_width":0,"neve_meta_title_alignment":"","neve_meta_author_avatar":"","neve_post_elements_order":"","neve_meta_disable_header":"","neve_meta_disable_footer":"","neve_meta_disable_title":""},"product_brand":[],"product_cat":[1767],"product_tag":[],"class_list":{"0":"post-110607","1":"product","2":"type-product","3":"status-publish","4":"has-post-thumbnail","6":"product_cat-marcadores-roller","8":"first","9":"instock","10":"taxable","11":"shipping-taxable","12":"purchasable","13":"product-type-simple"},"_links":{"self":[{"href":"https:\/\/ifoffice.pt\/index.php?rest_route=\/wp\/v2\/product\/110607","targetHints":{"allow":["GET"]}}],"collection":[{"href":"https:\/\/ifoffice.pt\/index.php?rest_route=\/wp\/v2\/product"}],"about":[{"href":"https:\/\/ifoffice.pt\/index.php?rest_route=\/wp\/v2\/types\/product"}],"replies":[{"embeddable":true,"href":"https:\/\/ifoffice.pt\/index.php?rest_route=%2Fwp%2Fv2%2Fcomments&post=110607"}],"wp:featuredmedia":[{"embeddable":true,"href":"https:\/\/ifoffice.pt\/index.php?rest_route=\/wp\/v2\/media\/113373"}],"wp:attachment":[{"href":"https:\/\/ifoffice.pt\/index.php?rest_route=%2Fwp%2Fv2%2Fmedia&parent=110607"}],"wp:term":[{"taxonomy":"product_brand","embeddable":true,"href":"https:\/\/ifoffice.pt\/index.php?rest_route=%2Fwp%2Fv2%2Fproduct_brand&post=110607"},{"taxonomy":"product_cat","embeddable":true,"href":"https:\/\/ifoffice.pt\/index.php?rest_route=%2Fwp%2Fv2%2Fproduct_cat&post=110607"},{"taxonomy":"product_tag","embeddable":true,"href":"https:\/\/ifoffice.pt\/index.php?rest_route=%2Fwp%2Fv2%2Fproduct_tag&post=110607"}],"curies":[{"name":"wp","href":"https:\/\/api.w.org\/{rel}","templated":true}]}}