{"id":110603,"date":"2023-03-07T11:27:07","date_gmt":"2023-03-07T11:27:07","guid":{"rendered":"https:\/\/ifoffice.pt\/?post_type=product&#038;p=110603"},"modified":"2026-02-23T12:57:55","modified_gmt":"2026-02-23T12:57:55","slug":"roller-parker-vector-xl-lilas-ponta-fina","status":"publish","type":"product","link":"https:\/\/ifoffice.pt\/?product=roller-parker-vector-xl-lilas-ponta-fina","title":{"rendered":"Roller parker vector xl lilas ponta fina"},"content":{"rendered":"<p>A nova cole\u00e7\u00e3o Vector XL \u00e9 lan\u00e7ada com acabamento cromado e o clip de flecha exclusivo da Parker. Shell transparente para combinar com a cor do corpo da pe\u00e7a, permite ver o funcionamento da pe\u00e7a. A caneta grande e dur\u00e1vel na pe\u00e7a oferece uma experi\u00eancia de escrita confort\u00e1vel e consistente. Moderno, de alta qualidade e com o know-how Parker, \u00e9 perfeito para todos aqueles que amam escrever, assim como estudantes e jovens profissionais.<\/p>\n","protected":false},"excerpt":{"rendered":"<p>Roller parker vector xl lilas ponta fina<\/p>\n","protected":false},"featured_media":114064,"comment_status":"open","ping_status":"closed","template":"","meta":{"neve_meta_sidebar":"","neve_meta_container":"","neve_meta_enable_content_width":"","neve_meta_content_width":0,"neve_meta_title_alignment":"","neve_meta_author_avatar":"","neve_post_elements_order":"","neve_meta_disable_header":"","neve_meta_disable_footer":"","neve_meta_disable_title":""},"product_brand":[],"product_cat":[1762],"product_tag":[],"class_list":{"0":"post-110603","1":"product","2":"type-product","3":"status-publish","4":"has-post-thumbnail","6":"product_cat-estojo-parker","8":"first","9":"instock","10":"taxable","11":"shipping-taxable","12":"purchasable","13":"product-type-simple"},"_links":{"self":[{"href":"https:\/\/ifoffice.pt\/index.php?rest_route=\/wp\/v2\/product\/110603","targetHints":{"allow":["GET"]}}],"collection":[{"href":"https:\/\/ifoffice.pt\/index.php?rest_route=\/wp\/v2\/product"}],"about":[{"href":"https:\/\/ifoffice.pt\/index.php?rest_route=\/wp\/v2\/types\/product"}],"replies":[{"embeddable":true,"href":"https:\/\/ifoffice.pt\/index.php?rest_route=%2Fwp%2Fv2%2Fcomments&post=110603"}],"wp:featuredmedia":[{"embeddable":true,"href":"https:\/\/ifoffice.pt\/index.php?rest_route=\/wp\/v2\/media\/114064"}],"wp:attachment":[{"href":"https:\/\/ifoffice.pt\/index.php?rest_route=%2Fwp%2Fv2%2Fmedia&parent=110603"}],"wp:term":[{"taxonomy":"product_brand","embeddable":true,"href":"https:\/\/ifoffice.pt\/index.php?rest_route=%2Fwp%2Fv2%2Fproduct_brand&post=110603"},{"taxonomy":"product_cat","embeddable":true,"href":"https:\/\/ifoffice.pt\/index.php?rest_route=%2Fwp%2Fv2%2Fproduct_cat&post=110603"},{"taxonomy":"product_tag","embeddable":true,"href":"https:\/\/ifoffice.pt\/index.php?rest_route=%2Fwp%2Fv2%2Fproduct_tag&post=110603"}],"curies":[{"name":"wp","href":"https:\/\/api.w.org\/{rel}","templated":true}]}}