{"id":110583,"date":"2023-03-07T11:26:51","date_gmt":"2023-03-07T11:26:51","guid":{"rendered":"https:\/\/ifoffice.pt\/?post_type=product&#038;p=110583"},"modified":"2026-02-23T13:02:26","modified_gmt":"2026-02-23T13:02:26","slug":"relogio-de-parede-em-vidro-leitz-cosy-azul","status":"publish","type":"product","link":"https:\/\/ifoffice.pt\/?product=relogio-de-parede-em-vidro-leitz-cosy-azul","title":{"rendered":"Relogio de parede em vidro leitz cosy azul"},"content":{"rendered":"<p>Rel\u00f3gio silencioso, ideal para escrit\u00f3rios, salas de leitura e quartos de dormir. Vidro temperado de 4mm de seguran\u00e7a. Marca\u00e7\u00e3o minimalista para que possa escrever as suas pr\u00f3prias cita\u00e7\u00f5es e notas com o marcador (inclu\u00eddo). Cor azul.<\/p>\n","protected":false},"excerpt":{"rendered":"<p>Relogio de parede em vidro leitz cosy azul<\/p>\n","protected":false},"featured_media":115487,"comment_status":"open","ping_status":"closed","template":"","meta":{"neve_meta_sidebar":"","neve_meta_container":"","neve_meta_enable_content_width":"","neve_meta_content_width":0,"neve_meta_title_alignment":"","neve_meta_author_avatar":"","neve_post_elements_order":"","neve_meta_disable_header":"","neve_meta_disable_footer":"","neve_meta_disable_title":""},"product_brand":[],"product_cat":[1942],"product_tag":[],"class_list":{"0":"post-110583","1":"product","2":"type-product","3":"status-publish","4":"has-post-thumbnail","6":"product_cat-relogios-de-escritorio","8":"first","9":"instock","10":"taxable","11":"shipping-taxable","12":"purchasable","13":"product-type-simple"},"_links":{"self":[{"href":"https:\/\/ifoffice.pt\/index.php?rest_route=\/wp\/v2\/product\/110583","targetHints":{"allow":["GET"]}}],"collection":[{"href":"https:\/\/ifoffice.pt\/index.php?rest_route=\/wp\/v2\/product"}],"about":[{"href":"https:\/\/ifoffice.pt\/index.php?rest_route=\/wp\/v2\/types\/product"}],"replies":[{"embeddable":true,"href":"https:\/\/ifoffice.pt\/index.php?rest_route=%2Fwp%2Fv2%2Fcomments&post=110583"}],"wp:featuredmedia":[{"embeddable":true,"href":"https:\/\/ifoffice.pt\/index.php?rest_route=\/wp\/v2\/media\/115487"}],"wp:attachment":[{"href":"https:\/\/ifoffice.pt\/index.php?rest_route=%2Fwp%2Fv2%2Fmedia&parent=110583"}],"wp:term":[{"taxonomy":"product_brand","embeddable":true,"href":"https:\/\/ifoffice.pt\/index.php?rest_route=%2Fwp%2Fv2%2Fproduct_brand&post=110583"},{"taxonomy":"product_cat","embeddable":true,"href":"https:\/\/ifoffice.pt\/index.php?rest_route=%2Fwp%2Fv2%2Fproduct_cat&post=110583"},{"taxonomy":"product_tag","embeddable":true,"href":"https:\/\/ifoffice.pt\/index.php?rest_route=%2Fwp%2Fv2%2Fproduct_tag&post=110583"}],"curies":[{"name":"wp","href":"https:\/\/api.w.org\/{rel}","templated":true}]}}