{"id":110481,"date":"2023-03-07T11:25:37","date_gmt":"2023-03-07T11:25:37","guid":{"rendered":"https:\/\/ifoffice.pt\/?post_type=product&#038;p=110481"},"modified":"2026-02-23T12:57:40","modified_gmt":"2026-02-23T12:57:40","slug":"quadro-branco-nobo-premium-plus-melamina-magnetica-1200x1200-mm","status":"publish","type":"product","link":"https:\/\/ifoffice.pt\/?product=quadro-branco-nobo-premium-plus-melamina-magnetica-1200x1200-mm","title":{"rendered":"Quadro branco nobo premium plus melamina 1200&#215;1200 mm"},"content":{"rendered":"<p>Uma gama de quadros brancos com um estilo moderno, acabamento em alum\u00ednio e superf\u00edcie de escrita expansiva. Um sistema tradicional de montagem em paredes de canto com uma elegante bandeja de cart\u00e3o branco para o armazenamento de marcadores e apagadores.<\/p>\n","protected":false},"excerpt":{"rendered":"<p>Quadro branco nobo premium plus melamina 1200&#215;1200 mm<\/p>\n","protected":false},"featured_media":113892,"comment_status":"open","ping_status":"closed","template":"","meta":{"neve_meta_sidebar":"","neve_meta_container":"","neve_meta_enable_content_width":"","neve_meta_content_width":0,"neve_meta_title_alignment":"","neve_meta_author_avatar":"","neve_post_elements_order":"","neve_meta_disable_header":"","neve_meta_disable_footer":"","neve_meta_disable_title":""},"product_brand":[],"product_cat":[1863],"product_tag":[],"class_list":{"0":"post-110481","1":"product","2":"type-product","3":"status-publish","4":"has-post-thumbnail","6":"product_cat-quadros-brancos","8":"first","9":"instock","10":"taxable","11":"shipping-taxable","12":"purchasable","13":"product-type-simple"},"_links":{"self":[{"href":"https:\/\/ifoffice.pt\/index.php?rest_route=\/wp\/v2\/product\/110481","targetHints":{"allow":["GET"]}}],"collection":[{"href":"https:\/\/ifoffice.pt\/index.php?rest_route=\/wp\/v2\/product"}],"about":[{"href":"https:\/\/ifoffice.pt\/index.php?rest_route=\/wp\/v2\/types\/product"}],"replies":[{"embeddable":true,"href":"https:\/\/ifoffice.pt\/index.php?rest_route=%2Fwp%2Fv2%2Fcomments&post=110481"}],"wp:featuredmedia":[{"embeddable":true,"href":"https:\/\/ifoffice.pt\/index.php?rest_route=\/wp\/v2\/media\/113892"}],"wp:attachment":[{"href":"https:\/\/ifoffice.pt\/index.php?rest_route=%2Fwp%2Fv2%2Fmedia&parent=110481"}],"wp:term":[{"taxonomy":"product_brand","embeddable":true,"href":"https:\/\/ifoffice.pt\/index.php?rest_route=%2Fwp%2Fv2%2Fproduct_brand&post=110481"},{"taxonomy":"product_cat","embeddable":true,"href":"https:\/\/ifoffice.pt\/index.php?rest_route=%2Fwp%2Fv2%2Fproduct_cat&post=110481"},{"taxonomy":"product_tag","embeddable":true,"href":"https:\/\/ifoffice.pt\/index.php?rest_route=%2Fwp%2Fv2%2Fproduct_tag&post=110481"}],"curies":[{"name":"wp","href":"https:\/\/api.w.org\/{rel}","templated":true}]}}