{"id":110465,"date":"2023-03-07T11:25:23","date_gmt":"2023-03-07T11:25:23","guid":{"rendered":"https:\/\/ifoffice.pt\/?post_type=product&#038;p=110465"},"modified":"2026-02-23T13:21:02","modified_gmt":"2026-02-23T13:21:02","slug":"puzzle-goula-numeros-10-pecas","status":"publish","type":"product","link":"https:\/\/ifoffice.pt\/?product=puzzle-goula-numeros-10-pecas","title":{"rendered":"Puzzle goula numeros 10 pecas"},"content":{"rendered":"<p>PUZZLE DE MADEIRA DE 10 PE\u00c7AS PARA APRENDER A CONTAR DO 1 AO 10  ASSOCIANDO O N\u00daMERO COM A QUANTIDADE DE ANIMAIS. DESENVOLVE A  CAPACIDADE VISUAL E DE RACIOC\u00cdNIO. APRENDIZAGEM DE DIFERENTES ANIMAIS E  N\u00daMEROS. DESENVOLVE A HABILIDADE MANUAL. ALTO N\u00cdVEL EDUCATIVO. MAIS DE 2  ANOS. MEDIDAS: 28 X 28 X 2,5 CM.<\/p>\n","protected":false},"excerpt":{"rendered":"<p>Puzzle goula numeros 10 pecas<\/p>\n","protected":false},"featured_media":132749,"comment_status":"open","ping_status":"closed","template":"","meta":{"neve_meta_sidebar":"","neve_meta_container":"","neve_meta_enable_content_width":"","neve_meta_content_width":0,"neve_meta_title_alignment":"","neve_meta_author_avatar":"","neve_post_elements_order":"","neve_meta_disable_header":"","neve_meta_disable_footer":"","neve_meta_disable_title":""},"product_brand":[],"product_cat":[1916],"product_tag":[2880],"class_list":{"0":"post-110465","1":"product","2":"type-product","3":"status-publish","4":"has-post-thumbnail","6":"product_cat-puzzles-e-quebra-cabecas","7":"product_tag-escolar2023","9":"first","10":"instock","11":"sale","12":"taxable","13":"shipping-taxable","14":"purchasable","15":"product-type-simple"},"_links":{"self":[{"href":"https:\/\/ifoffice.pt\/index.php?rest_route=\/wp\/v2\/product\/110465","targetHints":{"allow":["GET"]}}],"collection":[{"href":"https:\/\/ifoffice.pt\/index.php?rest_route=\/wp\/v2\/product"}],"about":[{"href":"https:\/\/ifoffice.pt\/index.php?rest_route=\/wp\/v2\/types\/product"}],"replies":[{"embeddable":true,"href":"https:\/\/ifoffice.pt\/index.php?rest_route=%2Fwp%2Fv2%2Fcomments&post=110465"}],"wp:featuredmedia":[{"embeddable":true,"href":"https:\/\/ifoffice.pt\/index.php?rest_route=\/wp\/v2\/media\/132749"}],"wp:attachment":[{"href":"https:\/\/ifoffice.pt\/index.php?rest_route=%2Fwp%2Fv2%2Fmedia&parent=110465"}],"wp:term":[{"taxonomy":"product_brand","embeddable":true,"href":"https:\/\/ifoffice.pt\/index.php?rest_route=%2Fwp%2Fv2%2Fproduct_brand&post=110465"},{"taxonomy":"product_cat","embeddable":true,"href":"https:\/\/ifoffice.pt\/index.php?rest_route=%2Fwp%2Fv2%2Fproduct_cat&post=110465"},{"taxonomy":"product_tag","embeddable":true,"href":"https:\/\/ifoffice.pt\/index.php?rest_route=%2Fwp%2Fv2%2Fproduct_tag&post=110465"}],"curies":[{"name":"wp","href":"https:\/\/api.w.org\/{rel}","templated":true}]}}