{"id":110458,"date":"2023-03-07T11:25:20","date_gmt":"2023-03-07T11:25:20","guid":{"rendered":"https:\/\/ifoffice.pt\/?post_type=product&#038;p=110458"},"modified":"2026-02-23T13:21:02","modified_gmt":"2026-02-23T13:21:02","slug":"puzzle-goula-1-5-21-pecas","status":"publish","type":"product","link":"https:\/\/ifoffice.pt\/?product=puzzle-goula-1-5-21-pecas","title":{"rendered":"Puzzle goula 1-5 21 pecas"},"content":{"rendered":"<p>PUZZLE GIGANTE AMBIENTADO NUMA QUINTA COM 6 PE\u00c7AS GRANDES DE CART\u00c3O  GROSSO E 15 PE\u00c7AS DE MADEIRA SERIGRAFADAS. PARA COLOCAR AOS DIFERENTES  ANIMAIS ONDE CORRESPONDAM. GRA\u00c7AS \u00c0 SUA GROSSURA PODEM MANIPULAR-SE E  ENCAIXAR AS PE\u00c7AS MAIS F\u00c1CILMENTE. DESENVOLVE A COORDENA\u00c7\u00c3O MANUAL OLHO\/  M\u00c3O. INICIA\u00c7\u00c3O AO N\u00daMERO. MAIS DE 2 ANOS. MEDIDAS: 30 X 22 X 5 CM.<\/p>\n","protected":false},"excerpt":{"rendered":"<p>Puzzle goula 1-5 21 pecas<\/p>\n","protected":false},"featured_media":132747,"comment_status":"open","ping_status":"closed","template":"","meta":{"neve_meta_sidebar":"","neve_meta_container":"","neve_meta_enable_content_width":"","neve_meta_content_width":0,"neve_meta_title_alignment":"","neve_meta_author_avatar":"","neve_post_elements_order":"","neve_meta_disable_header":"","neve_meta_disable_footer":"","neve_meta_disable_title":""},"product_brand":[],"product_cat":[1916],"product_tag":[2880],"class_list":{"0":"post-110458","1":"product","2":"type-product","3":"status-publish","4":"has-post-thumbnail","6":"product_cat-puzzles-e-quebra-cabecas","7":"product_tag-escolar2023","9":"first","10":"instock","11":"sale","12":"taxable","13":"shipping-taxable","14":"purchasable","15":"product-type-simple"},"_links":{"self":[{"href":"https:\/\/ifoffice.pt\/index.php?rest_route=\/wp\/v2\/product\/110458","targetHints":{"allow":["GET"]}}],"collection":[{"href":"https:\/\/ifoffice.pt\/index.php?rest_route=\/wp\/v2\/product"}],"about":[{"href":"https:\/\/ifoffice.pt\/index.php?rest_route=\/wp\/v2\/types\/product"}],"replies":[{"embeddable":true,"href":"https:\/\/ifoffice.pt\/index.php?rest_route=%2Fwp%2Fv2%2Fcomments&post=110458"}],"wp:featuredmedia":[{"embeddable":true,"href":"https:\/\/ifoffice.pt\/index.php?rest_route=\/wp\/v2\/media\/132747"}],"wp:attachment":[{"href":"https:\/\/ifoffice.pt\/index.php?rest_route=%2Fwp%2Fv2%2Fmedia&parent=110458"}],"wp:term":[{"taxonomy":"product_brand","embeddable":true,"href":"https:\/\/ifoffice.pt\/index.php?rest_route=%2Fwp%2Fv2%2Fproduct_brand&post=110458"},{"taxonomy":"product_cat","embeddable":true,"href":"https:\/\/ifoffice.pt\/index.php?rest_route=%2Fwp%2Fv2%2Fproduct_cat&post=110458"},{"taxonomy":"product_tag","embeddable":true,"href":"https:\/\/ifoffice.pt\/index.php?rest_route=%2Fwp%2Fv2%2Fproduct_tag&post=110458"}],"curies":[{"name":"wp","href":"https:\/\/api.w.org\/{rel}","templated":true}]}}