{"id":110454,"date":"2023-03-07T11:25:17","date_gmt":"2023-03-07T11:25:17","guid":{"rendered":"https:\/\/ifoffice.pt\/?post_type=product&#038;p=110454"},"modified":"2026-02-23T13:17:57","modified_gmt":"2026-02-23T13:17:57","slug":"puzzle-diset-animais-domesticos","status":"publish","type":"product","link":"https:\/\/ifoffice.pt\/?product=puzzle-diset-animais-domesticos","title":{"rendered":"Puzzle diset animais domesticos"},"content":{"rendered":"<p>O PRIMEIRO PUZZLE DE QUATRO PE\u00c7AS DE MADEIRA PARA OS MAIS PEQUENOS.  APRENDE QUATRO ANIMAIS DOM\u00c9STICOS, COMO S\u00c3O O GATO, O C\u00c3O, UM P\u00c1SSARO E  UM PEIXE. ASSOCIA A PE\u00c7A COM O SEU ENCAIXE. DESENVOLVE A COORDENA\u00c7\u00c3O  OLHO\/ M\u00c3O. DESTREZA MANUAL. APRENDIZAGEM DE DIFERENTES CORES. A PARTIR DE  1 ANO. MEDIDAS: 4 X 22 X 22 CM.<\/p>\n","protected":false},"excerpt":{"rendered":"<p>Puzzle diset animais domesticos<\/p>\n","protected":false},"featured_media":120443,"comment_status":"open","ping_status":"closed","template":"","meta":{"neve_meta_sidebar":"","neve_meta_container":"","neve_meta_enable_content_width":"","neve_meta_content_width":0,"neve_meta_title_alignment":"","neve_meta_author_avatar":"","neve_post_elements_order":"","neve_meta_disable_header":"","neve_meta_disable_footer":"","neve_meta_disable_title":""},"product_brand":[],"product_cat":[1916],"product_tag":[2880],"class_list":{"0":"post-110454","1":"product","2":"type-product","3":"status-publish","4":"has-post-thumbnail","6":"product_cat-puzzles-e-quebra-cabecas","7":"product_tag-escolar2023","9":"first","10":"instock","11":"sale","12":"taxable","13":"shipping-taxable","14":"purchasable","15":"product-type-simple"},"_links":{"self":[{"href":"https:\/\/ifoffice.pt\/index.php?rest_route=\/wp\/v2\/product\/110454","targetHints":{"allow":["GET"]}}],"collection":[{"href":"https:\/\/ifoffice.pt\/index.php?rest_route=\/wp\/v2\/product"}],"about":[{"href":"https:\/\/ifoffice.pt\/index.php?rest_route=\/wp\/v2\/types\/product"}],"replies":[{"embeddable":true,"href":"https:\/\/ifoffice.pt\/index.php?rest_route=%2Fwp%2Fv2%2Fcomments&post=110454"}],"wp:featuredmedia":[{"embeddable":true,"href":"https:\/\/ifoffice.pt\/index.php?rest_route=\/wp\/v2\/media\/120443"}],"wp:attachment":[{"href":"https:\/\/ifoffice.pt\/index.php?rest_route=%2Fwp%2Fv2%2Fmedia&parent=110454"}],"wp:term":[{"taxonomy":"product_brand","embeddable":true,"href":"https:\/\/ifoffice.pt\/index.php?rest_route=%2Fwp%2Fv2%2Fproduct_brand&post=110454"},{"taxonomy":"product_cat","embeddable":true,"href":"https:\/\/ifoffice.pt\/index.php?rest_route=%2Fwp%2Fv2%2Fproduct_cat&post=110454"},{"taxonomy":"product_tag","embeddable":true,"href":"https:\/\/ifoffice.pt\/index.php?rest_route=%2Fwp%2Fv2%2Fproduct_tag&post=110454"}],"curies":[{"name":"wp","href":"https:\/\/api.w.org\/{rel}","templated":true}]}}