{"id":110423,"date":"2023-03-07T11:24:59","date_gmt":"2023-03-07T11:24:59","guid":{"rendered":"https:\/\/ifoffice.pt\/?post_type=product&#038;p=110423"},"modified":"2026-04-01T16:58:11","modified_gmt":"2026-04-01T16:58:11","slug":"projetor-de-video-epson-eb-e10-xga-3600-lumenes-lcd-150001","status":"publish","type":"product","link":"https:\/\/ifoffice.pt\/?product=projetor-de-video-epson-eb-e10-xga-3600-lumenes-lcd-150001","title":{"rendered":"Projetor de video epson eb-e10 xga 3600 lumenes lcd 15000:1"},"content":{"rendered":"<p>Este projetor XGA de alta qualidade com 3600 l\u00famens \u00e9 muito f\u00e1cil de utilizar e est\u00e1 desenhado para ser utilizado tanto em casa como no escrit\u00f3rio. Rela\u00e7\u00e3o de contraste de 15 000:1. A l\u00e2mpada oferece uma longa dura\u00e7\u00e3o, com uma excelente rela\u00e7\u00e3o qualidade pre\u00e7o.  Medidas: 302 x 77 x 234 mm. Peso: 2,4 kg.<\/p>\n","protected":false},"excerpt":{"rendered":"<p>Este projetor XGA de alta qualidade com 3600 l\u00famens \u00e9 muito f\u00e1cil de utilizar e est\u00e1 desenhado para ser utilizado tanto em casa como no escrit\u00f3rio. Rela\u00e7\u00e3o de contraste de 15 000:1. A l\u00e2mpada oferece uma longa dura\u00e7\u00e3o, com uma excelente rela\u00e7\u00e3o qualidade pre\u00e7o. Medidas: 302 x 77 x 234 mm. Peso: 2,4 kg.<\/p>\n","protected":false},"featured_media":113764,"comment_status":"open","ping_status":"closed","template":"","meta":{"neve_meta_sidebar":"","neve_meta_container":"","neve_meta_enable_content_width":"","neve_meta_content_width":0,"neve_meta_title_alignment":"","neve_meta_author_avatar":"","neve_post_elements_order":"","neve_meta_disable_header":"","neve_meta_disable_footer":"","neve_meta_disable_title":""},"product_brand":[],"product_cat":[1769,15,1884],"product_tag":[],"class_list":{"0":"post-110423","1":"product","2":"type-product","3":"status-publish","4":"has-post-thumbnail","6":"product_cat-informatica","7":"product_cat-uncategorized","8":"product_cat-videoprojetores-acetatos","10":"first","11":"instock","12":"taxable","13":"shipping-taxable","14":"purchasable","15":"product-type-simple"},"_links":{"self":[{"href":"https:\/\/ifoffice.pt\/index.php?rest_route=\/wp\/v2\/product\/110423","targetHints":{"allow":["GET"]}}],"collection":[{"href":"https:\/\/ifoffice.pt\/index.php?rest_route=\/wp\/v2\/product"}],"about":[{"href":"https:\/\/ifoffice.pt\/index.php?rest_route=\/wp\/v2\/types\/product"}],"replies":[{"embeddable":true,"href":"https:\/\/ifoffice.pt\/index.php?rest_route=%2Fwp%2Fv2%2Fcomments&post=110423"}],"wp:featuredmedia":[{"embeddable":true,"href":"https:\/\/ifoffice.pt\/index.php?rest_route=\/wp\/v2\/media\/113764"}],"wp:attachment":[{"href":"https:\/\/ifoffice.pt\/index.php?rest_route=%2Fwp%2Fv2%2Fmedia&parent=110423"}],"wp:term":[{"taxonomy":"product_brand","embeddable":true,"href":"https:\/\/ifoffice.pt\/index.php?rest_route=%2Fwp%2Fv2%2Fproduct_brand&post=110423"},{"taxonomy":"product_cat","embeddable":true,"href":"https:\/\/ifoffice.pt\/index.php?rest_route=%2Fwp%2Fv2%2Fproduct_cat&post=110423"},{"taxonomy":"product_tag","embeddable":true,"href":"https:\/\/ifoffice.pt\/index.php?rest_route=%2Fwp%2Fv2%2Fproduct_tag&post=110423"}],"curies":[{"name":"wp","href":"https:\/\/api.w.org\/{rel}","templated":true}]}}