{"id":110280,"date":"2023-03-07T11:22:57","date_gmt":"2023-03-07T11:22:57","guid":{"rendered":"https:\/\/ifoffice.pt\/?post_type=product&#038;p=110280"},"modified":"2025-03-12T12:32:59","modified_gmt":"2025-03-12T12:32:59","slug":"pasta-porta-documentos-com-asa-preta-4-x-40-mm","status":"publish","type":"product","link":"https:\/\/ifoffice.pt\/?product=pasta-porta-documentos-com-asa-preta-4-x-40-mm","title":{"rendered":"Pasta porta documentos com asa preta 4 x 40 mm"},"content":{"rendered":"<p>PASTA CONGRESSO, COM FECHO \u00c9CLAIR E ASAS RETR\u00c1CTEIS. CONT\u00c9M BLOCO DE NOTASPASTA CONGRESSO, COM FECHO \u00c9CLAIR E ASAS RETR\u00c1CTEIS. CONT\u00c9M BLOCO DE NOTAS FORMATO DIN A4, IDENTIFICADOR PARA CART\u00c3O DE VISITA E BOLSA INTERIOR COM FECHO \u00c9CLAIR. MEDIDAS: 360 X 285 X 50 MM.<\/p>\n","protected":false},"excerpt":{"rendered":"<p>PASTA CONGRESSO, COM FECHO \u00c9CLAIR E ASAS RETR\u00c1CTEIS. CONT\u00c9M BLOCO DE NOTASPASTA CONGRESSO, COM FECHO \u00c9CLAIR E ASAS RETR\u00c1CTEIS. CONT\u00c9M BLOCO DE NOTAS FORMATO DIN A4, IDENTIFICADOR PARA CART\u00c3O DE VISITA E BOLSA INTERIOR COM FECHO \u00c9CLAIR. MEDIDAS: 360 X 285 X 50 MM.<\/p>\n","protected":false},"featured_media":131864,"comment_status":"open","ping_status":"closed","template":"","meta":{"neve_meta_sidebar":"","neve_meta_container":"","neve_meta_enable_content_width":"","neve_meta_content_width":0,"neve_meta_title_alignment":"","neve_meta_author_avatar":"","neve_post_elements_order":"","neve_meta_disable_header":"","neve_meta_disable_footer":"","neve_meta_disable_title":""},"product_brand":[],"product_cat":[1827],"product_tag":[],"class_list":{"0":"post-110280","1":"product","2":"type-product","3":"status-publish","4":"has-post-thumbnail","6":"product_cat-pastas-porta-documentos","8":"first","9":"outofstock","10":"taxable","11":"shipping-taxable","12":"purchasable","13":"product-type-simple"},"_links":{"self":[{"href":"https:\/\/ifoffice.pt\/index.php?rest_route=\/wp\/v2\/product\/110280","targetHints":{"allow":["GET"]}}],"collection":[{"href":"https:\/\/ifoffice.pt\/index.php?rest_route=\/wp\/v2\/product"}],"about":[{"href":"https:\/\/ifoffice.pt\/index.php?rest_route=\/wp\/v2\/types\/product"}],"replies":[{"embeddable":true,"href":"https:\/\/ifoffice.pt\/index.php?rest_route=%2Fwp%2Fv2%2Fcomments&post=110280"}],"wp:featuredmedia":[{"embeddable":true,"href":"https:\/\/ifoffice.pt\/index.php?rest_route=\/wp\/v2\/media\/131864"}],"wp:attachment":[{"href":"https:\/\/ifoffice.pt\/index.php?rest_route=%2Fwp%2Fv2%2Fmedia&parent=110280"}],"wp:term":[{"taxonomy":"product_brand","embeddable":true,"href":"https:\/\/ifoffice.pt\/index.php?rest_route=%2Fwp%2Fv2%2Fproduct_brand&post=110280"},{"taxonomy":"product_cat","embeddable":true,"href":"https:\/\/ifoffice.pt\/index.php?rest_route=%2Fwp%2Fv2%2Fproduct_cat&post=110280"},{"taxonomy":"product_tag","embeddable":true,"href":"https:\/\/ifoffice.pt\/index.php?rest_route=%2Fwp%2Fv2%2Fproduct_tag&post=110280"}],"curies":[{"name":"wp","href":"https:\/\/api.w.org\/{rel}","templated":true}]}}