{"id":110175,"date":"2023-03-07T11:21:10","date_gmt":"2023-03-07T11:21:10","guid":{"rendered":"https:\/\/ifoffice.pt\/?post_type=product&#038;p=110175"},"modified":"2026-04-06T15:31:37","modified_gmt":"2026-04-06T15:31:37","slug":"papel-fotocopia-greening-din-a3-pack-500-folhas-80-gr","status":"publish","type":"product","link":"https:\/\/ifoffice.pt\/?product=papel-fotocopia-greening-din-a3-pack-500-folhas-80-gr","title":{"rendered":"Papel fotocopia greening din a3 80 gr embalagem de 500 folhas"},"content":{"rendered":"<p>Papel de fotoc\u00f3pia de alta qualidade, especialmente indicado para uso de escrit\u00f3rio e centros de c\u00f3pias. Adequado para uso em ambos os lados. Admite grande volume. Para impressoras a tinta ou a laser. N\u00e3o exponha o papel a condi\u00e7\u00f5es de alta humidade nem altas temperaturas. Mantenha o papel dentro da embalagem at\u00e9 ao momento da sua utiliza\u00e7\u00e3o. Formato Din A3. A embalagem.<\/p>\n","protected":false},"excerpt":{"rendered":"<p>Papel fotocopia greening din a3 80 gr embalagem de 500 folhas<\/p>\n","protected":false},"featured_media":113501,"comment_status":"open","ping_status":"closed","template":"","meta":{"neve_meta_sidebar":"","neve_meta_container":"","neve_meta_enable_content_width":"off","neve_meta_content_width":100,"neve_meta_title_alignment":"","neve_meta_author_avatar":"","neve_post_elements_order":"","neve_meta_disable_header":"","neve_meta_disable_footer":"","neve_meta_disable_title":""},"product_brand":[],"product_cat":[1845],"product_tag":[3234],"class_list":{"0":"post-110175","1":"product","2":"type-product","3":"status-publish","4":"has-post-thumbnail","6":"product_cat-papel-fotocopia","7":"product_tag-promocao-abril-2026","9":"first","10":"instock","11":"taxable","12":"shipping-taxable","13":"purchasable","14":"product-type-simple"},"_links":{"self":[{"href":"https:\/\/ifoffice.pt\/index.php?rest_route=\/wp\/v2\/product\/110175","targetHints":{"allow":["GET"]}}],"collection":[{"href":"https:\/\/ifoffice.pt\/index.php?rest_route=\/wp\/v2\/product"}],"about":[{"href":"https:\/\/ifoffice.pt\/index.php?rest_route=\/wp\/v2\/types\/product"}],"replies":[{"embeddable":true,"href":"https:\/\/ifoffice.pt\/index.php?rest_route=%2Fwp%2Fv2%2Fcomments&post=110175"}],"wp:featuredmedia":[{"embeddable":true,"href":"https:\/\/ifoffice.pt\/index.php?rest_route=\/wp\/v2\/media\/113501"}],"wp:attachment":[{"href":"https:\/\/ifoffice.pt\/index.php?rest_route=%2Fwp%2Fv2%2Fmedia&parent=110175"}],"wp:term":[{"taxonomy":"product_brand","embeddable":true,"href":"https:\/\/ifoffice.pt\/index.php?rest_route=%2Fwp%2Fv2%2Fproduct_brand&post=110175"},{"taxonomy":"product_cat","embeddable":true,"href":"https:\/\/ifoffice.pt\/index.php?rest_route=%2Fwp%2Fv2%2Fproduct_cat&post=110175"},{"taxonomy":"product_tag","embeddable":true,"href":"https:\/\/ifoffice.pt\/index.php?rest_route=%2Fwp%2Fv2%2Fproduct_tag&post=110175"}],"curies":[{"name":"wp","href":"https:\/\/api.w.org\/{rel}","templated":true}]}}