{"id":110118,"date":"2023-03-07T11:19:55","date_gmt":"2023-03-07T11:19:55","guid":{"rendered":"https:\/\/ifoffice.pt\/?post_type=product&#038;p=110118"},"modified":"2026-02-23T13:38:03","modified_gmt":"2026-02-23T13:38:03","slug":"minas-pelikan-vermelha-caixa-com-12-minas-2","status":"publish","type":"product","link":"https:\/\/ifoffice.pt\/?product=minas-pelikan-vermelha-caixa-com-12-minas-2","title":{"rendered":"Minas pelikan vermelha &#8211; caixa com 12 minas"},"content":{"rendered":"<p>Barras para marcar superf\u00edcies como metal (inclusive quente), cart\u00e3o, madeira seca, etc. A largura aproximada \u00e9 de 120 mm e 13,5 mm de di\u00e2metro. Caixa de 12 unidades.<\/p>\n","protected":false},"excerpt":{"rendered":"<p>Minas pelikan vermelha &#8211; caixa com 12 minas<\/p>\n","protected":false},"featured_media":126963,"comment_status":"open","ping_status":"closed","template":"","meta":{"neve_meta_sidebar":"","neve_meta_container":"","neve_meta_enable_content_width":"","neve_meta_content_width":0,"neve_meta_title_alignment":"","neve_meta_author_avatar":"","neve_post_elements_order":"","neve_meta_disable_header":"","neve_meta_disable_footer":"","neve_meta_disable_title":""},"product_brand":[],"product_cat":[1859],"product_tag":[],"class_list":{"0":"post-110118","1":"product","2":"type-product","3":"status-publish","4":"has-post-thumbnail","6":"product_cat-lapis","8":"first","9":"instock","10":"taxable","11":"shipping-taxable","12":"purchasable","13":"product-type-simple"},"_links":{"self":[{"href":"https:\/\/ifoffice.pt\/index.php?rest_route=\/wp\/v2\/product\/110118","targetHints":{"allow":["GET"]}}],"collection":[{"href":"https:\/\/ifoffice.pt\/index.php?rest_route=\/wp\/v2\/product"}],"about":[{"href":"https:\/\/ifoffice.pt\/index.php?rest_route=\/wp\/v2\/types\/product"}],"replies":[{"embeddable":true,"href":"https:\/\/ifoffice.pt\/index.php?rest_route=%2Fwp%2Fv2%2Fcomments&post=110118"}],"wp:featuredmedia":[{"embeddable":true,"href":"https:\/\/ifoffice.pt\/index.php?rest_route=\/wp\/v2\/media\/126963"}],"wp:attachment":[{"href":"https:\/\/ifoffice.pt\/index.php?rest_route=%2Fwp%2Fv2%2Fmedia&parent=110118"}],"wp:term":[{"taxonomy":"product_brand","embeddable":true,"href":"https:\/\/ifoffice.pt\/index.php?rest_route=%2Fwp%2Fv2%2Fproduct_brand&post=110118"},{"taxonomy":"product_cat","embeddable":true,"href":"https:\/\/ifoffice.pt\/index.php?rest_route=%2Fwp%2Fv2%2Fproduct_cat&post=110118"},{"taxonomy":"product_tag","embeddable":true,"href":"https:\/\/ifoffice.pt\/index.php?rest_route=%2Fwp%2Fv2%2Fproduct_tag&post=110118"}],"curies":[{"name":"wp","href":"https:\/\/api.w.org\/{rel}","templated":true}]}}