{"id":109809,"date":"2023-03-07T11:15:41","date_gmt":"2023-03-07T11:15:41","guid":{"rendered":"https:\/\/ifoffice.pt\/?post_type=product&#038;p=109809"},"modified":"2026-02-23T13:34:32","modified_gmt":"2026-02-23T13:34:32","slug":"livro-miquelrius-din-a4-atas-com-100-folhas-moveis","status":"publish","type":"product","link":"https:\/\/ifoffice.pt\/?product=livro-miquelrius-din-a4-atas-com-100-folhas-moveis","title":{"rendered":"Livro miquelrius din a4 -atas -com 100 folhas moveis"},"content":{"rendered":"<p>FOLHAS M\u00d3VEIS PERFURADAS E NUMERADAS. UTILIZ\u00c1VEIS EM IMPRESSORA.  DIN A4 (FOLHAS M\u00d3VEIS PERFURADAS E NUMERADAS. UTILIZ\u00c1VEIS EM IMPRESSORA.  DIN A4 (210 X 297 MM). CAPAS: PL\u00c1STICO COR BORDEAUX. MECANISMO: 15 AN\u00c9IS DE 25 MM DE DI\u00c2METRO.  PAPEL DE 102 G\/M\u00b2. 100 FOLHAS LISAS.<\/p>\n","protected":false},"excerpt":{"rendered":"<p>Livro miquelrius din a4 -atas -com 100 folhas moveis<\/p>\n","protected":false},"featured_media":131726,"comment_status":"open","ping_status":"closed","template":"","meta":{"neve_meta_sidebar":"","neve_meta_container":"","neve_meta_enable_content_width":"","neve_meta_content_width":0,"neve_meta_title_alignment":"","neve_meta_author_avatar":"","neve_post_elements_order":"","neve_meta_disable_header":"","neve_meta_disable_footer":"","neve_meta_disable_title":""},"product_brand":[],"product_cat":[2116],"product_tag":[],"class_list":{"0":"post-109809","1":"product","2":"type-product","3":"status-publish","4":"has-post-thumbnail","6":"product_cat-livros-de-contabilidade","8":"first","9":"instock","10":"taxable","11":"shipping-taxable","12":"purchasable","13":"product-type-simple"},"_links":{"self":[{"href":"https:\/\/ifoffice.pt\/index.php?rest_route=\/wp\/v2\/product\/109809","targetHints":{"allow":["GET"]}}],"collection":[{"href":"https:\/\/ifoffice.pt\/index.php?rest_route=\/wp\/v2\/product"}],"about":[{"href":"https:\/\/ifoffice.pt\/index.php?rest_route=\/wp\/v2\/types\/product"}],"replies":[{"embeddable":true,"href":"https:\/\/ifoffice.pt\/index.php?rest_route=%2Fwp%2Fv2%2Fcomments&post=109809"}],"wp:featuredmedia":[{"embeddable":true,"href":"https:\/\/ifoffice.pt\/index.php?rest_route=\/wp\/v2\/media\/131726"}],"wp:attachment":[{"href":"https:\/\/ifoffice.pt\/index.php?rest_route=%2Fwp%2Fv2%2Fmedia&parent=109809"}],"wp:term":[{"taxonomy":"product_brand","embeddable":true,"href":"https:\/\/ifoffice.pt\/index.php?rest_route=%2Fwp%2Fv2%2Fproduct_brand&post=109809"},{"taxonomy":"product_cat","embeddable":true,"href":"https:\/\/ifoffice.pt\/index.php?rest_route=%2Fwp%2Fv2%2Fproduct_cat&post=109809"},{"taxonomy":"product_tag","embeddable":true,"href":"https:\/\/ifoffice.pt\/index.php?rest_route=%2Fwp%2Fv2%2Fproduct_tag&post=109809"}],"curies":[{"name":"wp","href":"https:\/\/api.w.org\/{rel}","templated":true}]}}