{"id":109742,"date":"2023-03-07T11:14:43","date_gmt":"2023-03-07T11:14:43","guid":{"rendered":"https:\/\/ifoffice.pt\/?post_type=product&#038;p=109742"},"modified":"2026-02-23T14:53:27","modified_gmt":"2026-02-23T14:53:27","slug":"lapis-de-cores-alpino-6-unidades","status":"publish","type":"product","link":"https:\/\/ifoffice.pt\/?product=lapis-de-cores-alpino-6-unidades","title":{"rendered":"Lapis de cores alpino. 6 unidades"},"content":{"rendered":"<p>ESCRITA SUAVE. MADEIRA DE CEDRO. CORES SORTIDAS. ESTOJO DE CART\u00c3O. L\u00c1PIS CURTOS: ALTURA L\u00c1PIS: 88 MM, DI METRO L\u00c1PIS: 7 MM, DI METRO MINA: 3 MM. L\u00c1PIS COMPRIDOS: ALTURA L\u00c1PIS: 174,5 MM, DI METRO L\u00c1PIS: 7 MM, DI METRO MINA: 3 MM.<\/p>\n","protected":false},"excerpt":{"rendered":"<p>PACK DE 24 UNIDADES<\/p>\n","protected":false},"featured_media":130012,"comment_status":"open","ping_status":"closed","template":"","meta":{"neve_meta_sidebar":"","neve_meta_container":"","neve_meta_enable_content_width":"","neve_meta_content_width":0,"neve_meta_title_alignment":"","neve_meta_author_avatar":"","neve_post_elements_order":"","neve_meta_disable_header":"","neve_meta_disable_footer":"","neve_meta_disable_title":""},"product_brand":[],"product_cat":[1856],"product_tag":[],"class_list":{"0":"post-109742","1":"product","2":"type-product","3":"status-publish","4":"has-post-thumbnail","6":"product_cat-lapis-de-cor","8":"first","9":"instock","10":"taxable","11":"shipping-taxable","12":"purchasable","13":"product-type-simple"},"_links":{"self":[{"href":"https:\/\/ifoffice.pt\/index.php?rest_route=\/wp\/v2\/product\/109742","targetHints":{"allow":["GET"]}}],"collection":[{"href":"https:\/\/ifoffice.pt\/index.php?rest_route=\/wp\/v2\/product"}],"about":[{"href":"https:\/\/ifoffice.pt\/index.php?rest_route=\/wp\/v2\/types\/product"}],"replies":[{"embeddable":true,"href":"https:\/\/ifoffice.pt\/index.php?rest_route=%2Fwp%2Fv2%2Fcomments&post=109742"}],"wp:featuredmedia":[{"embeddable":true,"href":"https:\/\/ifoffice.pt\/index.php?rest_route=\/wp\/v2\/media\/130012"}],"wp:attachment":[{"href":"https:\/\/ifoffice.pt\/index.php?rest_route=%2Fwp%2Fv2%2Fmedia&parent=109742"}],"wp:term":[{"taxonomy":"product_brand","embeddable":true,"href":"https:\/\/ifoffice.pt\/index.php?rest_route=%2Fwp%2Fv2%2Fproduct_brand&post=109742"},{"taxonomy":"product_cat","embeddable":true,"href":"https:\/\/ifoffice.pt\/index.php?rest_route=%2Fwp%2Fv2%2Fproduct_cat&post=109742"},{"taxonomy":"product_tag","embeddable":true,"href":"https:\/\/ifoffice.pt\/index.php?rest_route=%2Fwp%2Fv2%2Fproduct_tag&post=109742"}],"curies":[{"name":"wp","href":"https:\/\/api.w.org\/{rel}","templated":true}]}}