{"id":109694,"date":"2023-03-07T11:14:04","date_gmt":"2023-03-07T11:14:04","guid":{"rendered":"https:\/\/ifoffice.pt\/?post_type=product&#038;p=109694"},"modified":"2026-04-02T08:29:36","modified_gmt":"2026-04-02T08:29:36","slug":"lapis-cera-dacs-com-24-lapis-2","status":"publish","type":"product","link":"https:\/\/ifoffice.pt\/?product=lapis-cera-dacs-com-24-lapis-2","title":{"rendered":"Lapis cera dacs com 24 lapis"},"content":{"rendered":"<p>Cores vivas. N\u00e3o deixam part\u00edculas. Tra\u00e7o muito suave. As cores  podem ser misturadas. Altura l\u00e1pis: 53 mm. Di\u00e2metro l\u00e1pis: 10 mm.<\/p>\n","protected":false},"excerpt":{"rendered":"<p>PACK DE 5 UNIDADES<\/p>\n","protected":false},"featured_media":126999,"comment_status":"open","ping_status":"closed","template":"","meta":{"neve_meta_sidebar":"","neve_meta_container":"","neve_meta_enable_content_width":"","neve_meta_content_width":0,"neve_meta_title_alignment":"","neve_meta_author_avatar":"","neve_post_elements_order":"","neve_meta_disable_header":"","neve_meta_disable_footer":"","neve_meta_disable_title":""},"product_brand":[],"product_cat":[1774],"product_tag":[],"class_list":{"0":"post-109694","1":"product","2":"type-product","3":"status-publish","4":"has-post-thumbnail","6":"product_cat-ceras","8":"first","9":"instock","10":"taxable","11":"shipping-taxable","12":"purchasable","13":"product-type-simple"},"_links":{"self":[{"href":"https:\/\/ifoffice.pt\/index.php?rest_route=\/wp\/v2\/product\/109694","targetHints":{"allow":["GET"]}}],"collection":[{"href":"https:\/\/ifoffice.pt\/index.php?rest_route=\/wp\/v2\/product"}],"about":[{"href":"https:\/\/ifoffice.pt\/index.php?rest_route=\/wp\/v2\/types\/product"}],"replies":[{"embeddable":true,"href":"https:\/\/ifoffice.pt\/index.php?rest_route=%2Fwp%2Fv2%2Fcomments&post=109694"}],"wp:featuredmedia":[{"embeddable":true,"href":"https:\/\/ifoffice.pt\/index.php?rest_route=\/wp\/v2\/media\/126999"}],"wp:attachment":[{"href":"https:\/\/ifoffice.pt\/index.php?rest_route=%2Fwp%2Fv2%2Fmedia&parent=109694"}],"wp:term":[{"taxonomy":"product_brand","embeddable":true,"href":"https:\/\/ifoffice.pt\/index.php?rest_route=%2Fwp%2Fv2%2Fproduct_brand&post=109694"},{"taxonomy":"product_cat","embeddable":true,"href":"https:\/\/ifoffice.pt\/index.php?rest_route=%2Fwp%2Fv2%2Fproduct_cat&post=109694"},{"taxonomy":"product_tag","embeddable":true,"href":"https:\/\/ifoffice.pt\/index.php?rest_route=%2Fwp%2Fv2%2Fproduct_tag&post=109694"}],"curies":[{"name":"wp","href":"https:\/\/api.w.org\/{rel}","templated":true}]}}