{"id":109547,"date":"2023-03-07T11:12:45","date_gmt":"2023-03-07T11:12:45","guid":{"rendered":"https:\/\/ifoffice.pt\/?post_type=product&#038;p=109547"},"modified":"2026-02-23T13:13:28","modified_gmt":"2026-02-23T13:13:28","slug":"jogo-goula-didatico-reguas-em-bolsa-55-pecas","status":"publish","type":"product","link":"https:\/\/ifoffice.pt\/?product=jogo-goula-didatico-reguas-em-bolsa-55-pecas","title":{"rendered":"Jogo goula didatico reguas em bolsa 55 pecas"},"content":{"rendered":"<p>JOGO PARA A COMPREENS\u00c3O DO CONCEITO E DECOMPOSI\u00c7\u00c3O DO N\u00daMERO  E OPERA\u00c7\u00d5ES MATEM\u00c1TICAS B\u00c1SICAS. DESENVOLVIMENTO DA MEM\u00d3RIA.  DESENVOLVE A CRIATIVIDADE E EXPERIMENTA\u00c7\u00c3O. ALTO N\u00cdVEL EDUCATIVO. BOLSA DE  TELA PARA GUARDAR AS 55 TIRAS DE CORES. GUIA PEDAG\u00d3GICA E DE EXEMPLOS.  A PARTIR DE 3 ANOS. MEDIDAS: 15 X 7 X 15 CM.<\/p>\n","protected":false},"excerpt":{"rendered":"<p>Jogo goula didatico reguas em bolsa 55 pecas<\/p>\n","protected":false},"featured_media":118984,"comment_status":"open","ping_status":"closed","template":"","meta":{"neve_meta_sidebar":"","neve_meta_container":"","neve_meta_enable_content_width":"","neve_meta_content_width":0,"neve_meta_title_alignment":"","neve_meta_author_avatar":"","neve_post_elements_order":"","neve_meta_disable_header":"","neve_meta_disable_footer":"","neve_meta_disable_title":""},"product_brand":[],"product_cat":[1850],"product_tag":[2880],"class_list":{"0":"post-109547","1":"product","2":"type-product","3":"status-publish","4":"has-post-thumbnail","6":"product_cat-jogos-didacticos","7":"product_tag-escolar2023","9":"first","10":"instock","11":"sale","12":"taxable","13":"shipping-taxable","14":"purchasable","15":"product-type-simple"},"_links":{"self":[{"href":"https:\/\/ifoffice.pt\/index.php?rest_route=\/wp\/v2\/product\/109547","targetHints":{"allow":["GET"]}}],"collection":[{"href":"https:\/\/ifoffice.pt\/index.php?rest_route=\/wp\/v2\/product"}],"about":[{"href":"https:\/\/ifoffice.pt\/index.php?rest_route=\/wp\/v2\/types\/product"}],"replies":[{"embeddable":true,"href":"https:\/\/ifoffice.pt\/index.php?rest_route=%2Fwp%2Fv2%2Fcomments&post=109547"}],"wp:featuredmedia":[{"embeddable":true,"href":"https:\/\/ifoffice.pt\/index.php?rest_route=\/wp\/v2\/media\/118984"}],"wp:attachment":[{"href":"https:\/\/ifoffice.pt\/index.php?rest_route=%2Fwp%2Fv2%2Fmedia&parent=109547"}],"wp:term":[{"taxonomy":"product_brand","embeddable":true,"href":"https:\/\/ifoffice.pt\/index.php?rest_route=%2Fwp%2Fv2%2Fproduct_brand&post=109547"},{"taxonomy":"product_cat","embeddable":true,"href":"https:\/\/ifoffice.pt\/index.php?rest_route=%2Fwp%2Fv2%2Fproduct_cat&post=109547"},{"taxonomy":"product_tag","embeddable":true,"href":"https:\/\/ifoffice.pt\/index.php?rest_route=%2Fwp%2Fv2%2Fproduct_tag&post=109547"}],"curies":[{"name":"wp","href":"https:\/\/api.w.org\/{rel}","templated":true}]}}