{"id":109537,"date":"2023-03-07T11:12:40","date_gmt":"2023-03-07T11:12:40","guid":{"rendered":"https:\/\/ifoffice.pt\/?post_type=product&#038;p=109537"},"modified":"2025-03-12T12:28:37","modified_gmt":"2025-03-12T12:28:37","slug":"jogo-goula-didatico-enlacar-animais","status":"publish","type":"product","link":"https:\/\/ifoffice.pt\/?product=jogo-goula-didatico-enlacar-animais","title":{"rendered":"Jogo goula didatico enla\u00e7ar animais"},"content":{"rendered":"<p>DIVERTIDO JOGO PARA APRENDER A ENTRELA\u00c7AR COM ANIMAIS DE CART\u00c3O GROSSO MUITO  RESISTENTE, ELEMENTOS DE MADEIRA E QUATRO CORD\u00d5ES DE CORES. DESENVOLVE A  HABILIDADE MANUAL, A COORDENA\u00c7\u00c3O OLHO\/M\u00c3O, DESENVOLVE A MOTRICIDADE FINA  E EXERCITA O DESENVOLVIMENTO INTELECTUAL DA CRIAN\u00c7A. 4 PE\u00c7AS DE CART\u00c3O DE ALTA  QUALIDADE, 5 PE\u00c7AS DE MADEIRA E 4 CORD\u00d5ES DE CORES. A PARTIR DOS 3 ANOS.  MEDIDAS: 25 X 3 X 12,50 CM.<\/p>\n","protected":false},"excerpt":{"rendered":"<p>DIVERTIDO JOGO PARA APRENDER A ENTRELA\u00c7AR COM ANIMAIS DE CART\u00c3O GROSSO MUITO RESISTENTE, ELEMENTOS DE MADEIRA E QUATRO CORD\u00d5ES DE CORES. DESENVOLVE A HABILIDADE MANUAL, A COORDENA\u00c7\u00c3O OLHO\/M\u00c3O, DESENVOLVE A MOTRICIDADE FINA E EXERCITA O DESENVOLVIMENTO INTELECTUAL DA CRIAN\u00c7A. 4 PE\u00c7AS DE CART\u00c3O DE ALTA QUALIDADE, 5 PE\u00c7AS DE MADEIRA E 4 CORD\u00d5ES DE CORES. A PARTIR DOS 3 ANOS. MEDIDAS: 25 X 3 X 12,50 CM.<\/p>\n","protected":false},"featured_media":118988,"comment_status":"open","ping_status":"closed","template":"","meta":{"neve_meta_sidebar":"","neve_meta_container":"","neve_meta_enable_content_width":"","neve_meta_content_width":0,"neve_meta_title_alignment":"","neve_meta_author_avatar":"","neve_post_elements_order":"","neve_meta_disable_header":"","neve_meta_disable_footer":"","neve_meta_disable_title":""},"product_brand":[],"product_cat":[1850],"product_tag":[],"class_list":{"0":"post-109537","1":"product","2":"type-product","3":"status-publish","4":"has-post-thumbnail","6":"product_cat-jogos-didacticos","8":"first","9":"outofstock","10":"taxable","11":"shipping-taxable","12":"purchasable","13":"product-type-simple"},"_links":{"self":[{"href":"https:\/\/ifoffice.pt\/index.php?rest_route=\/wp\/v2\/product\/109537","targetHints":{"allow":["GET"]}}],"collection":[{"href":"https:\/\/ifoffice.pt\/index.php?rest_route=\/wp\/v2\/product"}],"about":[{"href":"https:\/\/ifoffice.pt\/index.php?rest_route=\/wp\/v2\/types\/product"}],"replies":[{"embeddable":true,"href":"https:\/\/ifoffice.pt\/index.php?rest_route=%2Fwp%2Fv2%2Fcomments&post=109537"}],"wp:featuredmedia":[{"embeddable":true,"href":"https:\/\/ifoffice.pt\/index.php?rest_route=\/wp\/v2\/media\/118988"}],"wp:attachment":[{"href":"https:\/\/ifoffice.pt\/index.php?rest_route=%2Fwp%2Fv2%2Fmedia&parent=109537"}],"wp:term":[{"taxonomy":"product_brand","embeddable":true,"href":"https:\/\/ifoffice.pt\/index.php?rest_route=%2Fwp%2Fv2%2Fproduct_brand&post=109537"},{"taxonomy":"product_cat","embeddable":true,"href":"https:\/\/ifoffice.pt\/index.php?rest_route=%2Fwp%2Fv2%2Fproduct_cat&post=109537"},{"taxonomy":"product_tag","embeddable":true,"href":"https:\/\/ifoffice.pt\/index.php?rest_route=%2Fwp%2Fv2%2Fproduct_tag&post=109537"}],"curies":[{"name":"wp","href":"https:\/\/api.w.org\/{rel}","templated":true}]}}