{"id":109528,"date":"2023-03-07T11:12:35","date_gmt":"2023-03-07T11:12:35","guid":{"rendered":"https:\/\/ifoffice.pt\/?post_type=product&#038;p=109528"},"modified":"2026-02-23T13:21:03","modified_gmt":"2026-02-23T13:21:03","slug":"jogo-goula-didatico-babe-cor","status":"publish","type":"product","link":"https:\/\/ifoffice.pt\/?product=jogo-goula-didatico-babe-cor","title":{"rendered":"Jogo goula didatico babe cor"},"content":{"rendered":"<p>DIVERTIDO MOSAICO DE MADEIRA PARA APRENDER AS CORES ENCAIXANDO CORRETAMENTE  OS PIVOTS EM CADA FOLHA. PIVOTS MUITO GROSSOS PARA CRIAN\u00c7AS PEQUENAS. FOLHAS  PROGRESSIVAS DE MENOR A MAIOR DIFICULDADE. ILUSTRA\u00c7\u00d5ES CHAMATIVAS ATRAV\u00c9S DAS  CORES. APRENDIZAGEM DAS CORES B\u00c1SICAS COMO S\u00c3O O AZUL, AMARELO, VERMELHO E VERDE.  DESENVOLVE A HABILIDADE MANUAL OLHO\/M\u00c3O, A PERCE\u00c7\u00c3O VISUAL E A MOTRICIDADE FINA.  6 FOLHAS DE CART\u00c3O GROSSO SEMI-CORTADAS, 20 PIVOTS EM MADEIRA DE CORES E 1 FOLHA DE  EXEMPLOS. A PARTIR DE 2 ANOS. MEDIDAS: 22 X 30 X 5 CM.<\/p>\n","protected":false},"excerpt":{"rendered":"<p>Jogo goula didatico babe cor<\/p>\n","protected":false},"featured_media":132588,"comment_status":"open","ping_status":"closed","template":"","meta":{"neve_meta_sidebar":"","neve_meta_container":"","neve_meta_enable_content_width":"","neve_meta_content_width":0,"neve_meta_title_alignment":"","neve_meta_author_avatar":"","neve_post_elements_order":"","neve_meta_disable_header":"","neve_meta_disable_footer":"","neve_meta_disable_title":""},"product_brand":[],"product_cat":[1850],"product_tag":[2880],"class_list":{"0":"post-109528","1":"product","2":"type-product","3":"status-publish","4":"has-post-thumbnail","6":"product_cat-jogos-didacticos","7":"product_tag-escolar2023","9":"first","10":"instock","11":"sale","12":"taxable","13":"shipping-taxable","14":"purchasable","15":"product-type-simple"},"_links":{"self":[{"href":"https:\/\/ifoffice.pt\/index.php?rest_route=\/wp\/v2\/product\/109528","targetHints":{"allow":["GET"]}}],"collection":[{"href":"https:\/\/ifoffice.pt\/index.php?rest_route=\/wp\/v2\/product"}],"about":[{"href":"https:\/\/ifoffice.pt\/index.php?rest_route=\/wp\/v2\/types\/product"}],"replies":[{"embeddable":true,"href":"https:\/\/ifoffice.pt\/index.php?rest_route=%2Fwp%2Fv2%2Fcomments&post=109528"}],"wp:featuredmedia":[{"embeddable":true,"href":"https:\/\/ifoffice.pt\/index.php?rest_route=\/wp\/v2\/media\/132588"}],"wp:attachment":[{"href":"https:\/\/ifoffice.pt\/index.php?rest_route=%2Fwp%2Fv2%2Fmedia&parent=109528"}],"wp:term":[{"taxonomy":"product_brand","embeddable":true,"href":"https:\/\/ifoffice.pt\/index.php?rest_route=%2Fwp%2Fv2%2Fproduct_brand&post=109528"},{"taxonomy":"product_cat","embeddable":true,"href":"https:\/\/ifoffice.pt\/index.php?rest_route=%2Fwp%2Fv2%2Fproduct_cat&post=109528"},{"taxonomy":"product_tag","embeddable":true,"href":"https:\/\/ifoffice.pt\/index.php?rest_route=%2Fwp%2Fv2%2Fproduct_tag&post=109528"}],"curies":[{"name":"wp","href":"https:\/\/api.w.org\/{rel}","templated":true}]}}