{"id":109519,"date":"2023-03-07T11:12:30","date_gmt":"2023-03-07T11:12:30","guid":{"rendered":"https:\/\/ifoffice.pt\/?post_type=product&#038;p=109519"},"modified":"2025-03-12T15:07:08","modified_gmt":"2025-03-12T15:07:08","slug":"jogo-falomir-de-mesa-masterman","status":"publish","type":"product","link":"https:\/\/ifoffice.pt\/?product=jogo-falomir-de-mesa-masterman","title":{"rendered":"Jogo falomir de mesa masterman"},"content":{"rendered":"<p>UM JOGO DE G\u00c9NIO E L\u00d3GICA ENTRE DOIS JOGADORES PARA DESCOBRIR  O C\u00d3DIGO SECRETO. AT\u00c9 59.000 COMBINA\u00c7\u00d5ES, 5 FUROS E 8  CORES. A PARTIR DE 8 ANOS. 2 OU MAIS JOGADORES.<\/p>\n","protected":false},"excerpt":{"rendered":"<p>UM JOGO DE G\u00c9NIO E L\u00d3GICA ENTRE DOIS JOGADORES PARA DESCOBRIR O C\u00d3DIGO SECRETO. AT\u00c9 59.000 COMBINA\u00c7\u00d5ES, 5 FUROS E 8 CORES. A PARTIR DE 8 ANOS. 2 OU MAIS JOGADORES.<\/p>\n","protected":false},"featured_media":120449,"comment_status":"open","ping_status":"closed","template":"","meta":{"neve_meta_sidebar":"","neve_meta_container":"","neve_meta_enable_content_width":"","neve_meta_content_width":0,"neve_meta_title_alignment":"","neve_meta_author_avatar":"","neve_post_elements_order":"","neve_meta_disable_header":"","neve_meta_disable_footer":"","neve_meta_disable_title":""},"product_brand":[],"product_cat":[2086],"product_tag":[],"class_list":{"0":"post-109519","1":"product","2":"type-product","3":"status-publish","4":"has-post-thumbnail","6":"product_cat-jogos-de-mesa","8":"first","9":"instock","10":"taxable","11":"shipping-taxable","12":"purchasable","13":"product-type-simple"},"_links":{"self":[{"href":"https:\/\/ifoffice.pt\/index.php?rest_route=\/wp\/v2\/product\/109519","targetHints":{"allow":["GET"]}}],"collection":[{"href":"https:\/\/ifoffice.pt\/index.php?rest_route=\/wp\/v2\/product"}],"about":[{"href":"https:\/\/ifoffice.pt\/index.php?rest_route=\/wp\/v2\/types\/product"}],"replies":[{"embeddable":true,"href":"https:\/\/ifoffice.pt\/index.php?rest_route=%2Fwp%2Fv2%2Fcomments&post=109519"}],"wp:featuredmedia":[{"embeddable":true,"href":"https:\/\/ifoffice.pt\/index.php?rest_route=\/wp\/v2\/media\/120449"}],"wp:attachment":[{"href":"https:\/\/ifoffice.pt\/index.php?rest_route=%2Fwp%2Fv2%2Fmedia&parent=109519"}],"wp:term":[{"taxonomy":"product_brand","embeddable":true,"href":"https:\/\/ifoffice.pt\/index.php?rest_route=%2Fwp%2Fv2%2Fproduct_brand&post=109519"},{"taxonomy":"product_cat","embeddable":true,"href":"https:\/\/ifoffice.pt\/index.php?rest_route=%2Fwp%2Fv2%2Fproduct_cat&post=109519"},{"taxonomy":"product_tag","embeddable":true,"href":"https:\/\/ifoffice.pt\/index.php?rest_route=%2Fwp%2Fv2%2Fproduct_tag&post=109519"}],"curies":[{"name":"wp","href":"https:\/\/api.w.org\/{rel}","templated":true}]}}