{"id":109518,"date":"2023-03-07T11:12:30","date_gmt":"2023-03-07T11:12:30","guid":{"rendered":"https:\/\/ifoffice.pt\/?post_type=product&#038;p=109518"},"modified":"2026-02-23T13:24:43","modified_gmt":"2026-02-23T13:24:43","slug":"jogo-falomir-de-mesa-magia-100-truques","status":"publish","type":"product","link":"https:\/\/ifoffice.pt\/?product=jogo-falomir-de-mesa-magia-100-truques","title":{"rendered":"Jogo falomir de mesa magia 100 truques"},"content":{"rendered":"<p>JOGO DE MAGIA. AO ABRIR ESTA CAIXA ENTRAR\u00c1S NO MUNDO DA MAGIA,  UM MUNDO MARAVILHOSO, CHEIO DE FANTASIA E DE ILUS\u00c3O. CONT\u00c9M DVD.  A PARTIR DE 7 ANOS. 1 OU MAIS JOGADORES. MEDIDAS: 39 X 27 X 5 CM.<\/p>\n","protected":false},"excerpt":{"rendered":"<p>Jogo falomir de mesa magia 100 truques<\/p>\n","protected":false},"featured_media":122781,"comment_status":"open","ping_status":"closed","template":"","meta":{"neve_meta_sidebar":"","neve_meta_container":"","neve_meta_enable_content_width":"","neve_meta_content_width":0,"neve_meta_title_alignment":"","neve_meta_author_avatar":"","neve_post_elements_order":"","neve_meta_disable_header":"","neve_meta_disable_footer":"","neve_meta_disable_title":""},"product_brand":[],"product_cat":[2086],"product_tag":[],"class_list":{"0":"post-109518","1":"product","2":"type-product","3":"status-publish","4":"has-post-thumbnail","6":"product_cat-jogos-de-mesa","8":"first","9":"instock","10":"taxable","11":"shipping-taxable","12":"purchasable","13":"product-type-simple"},"_links":{"self":[{"href":"https:\/\/ifoffice.pt\/index.php?rest_route=\/wp\/v2\/product\/109518","targetHints":{"allow":["GET"]}}],"collection":[{"href":"https:\/\/ifoffice.pt\/index.php?rest_route=\/wp\/v2\/product"}],"about":[{"href":"https:\/\/ifoffice.pt\/index.php?rest_route=\/wp\/v2\/types\/product"}],"replies":[{"embeddable":true,"href":"https:\/\/ifoffice.pt\/index.php?rest_route=%2Fwp%2Fv2%2Fcomments&post=109518"}],"wp:featuredmedia":[{"embeddable":true,"href":"https:\/\/ifoffice.pt\/index.php?rest_route=\/wp\/v2\/media\/122781"}],"wp:attachment":[{"href":"https:\/\/ifoffice.pt\/index.php?rest_route=%2Fwp%2Fv2%2Fmedia&parent=109518"}],"wp:term":[{"taxonomy":"product_brand","embeddable":true,"href":"https:\/\/ifoffice.pt\/index.php?rest_route=%2Fwp%2Fv2%2Fproduct_brand&post=109518"},{"taxonomy":"product_cat","embeddable":true,"href":"https:\/\/ifoffice.pt\/index.php?rest_route=%2Fwp%2Fv2%2Fproduct_cat&post=109518"},{"taxonomy":"product_tag","embeddable":true,"href":"https:\/\/ifoffice.pt\/index.php?rest_route=%2Fwp%2Fv2%2Fproduct_tag&post=109518"}],"curies":[{"name":"wp","href":"https:\/\/api.w.org\/{rel}","templated":true}]}}