{"id":109471,"date":"2023-03-07T11:12:05","date_gmt":"2023-03-07T11:12:05","guid":{"rendered":"https:\/\/ifoffice.pt\/?post_type=product&#038;p=109471"},"modified":"2026-02-23T13:25:46","modified_gmt":"2026-02-23T13:25:46","slug":"jogo-diset-de-mesa-macro-domino","status":"publish","type":"product","link":"https:\/\/ifoffice.pt\/?product=jogo-diset-de-mesa-macro-domino","title":{"rendered":"Jogo diset de mesa macro domino"},"content":{"rendered":"<p>TRADICIONAL DOMIN\u00d3 DE 28 PE\u00c7AS DE MADEIRA DE 12 X 6 CM. SERIGRAFADAS.  CAIXA COM JANELA E BOLSA PARA GUARDAR AS PE\u00c7AS. A PARTIR DE 1 ANO. 1 OU MAIS  JOGADORES. MEDIDAS: 16,4 X 25,5 X 7,5 CM.<\/p>\n","protected":false},"excerpt":{"rendered":"<p>Jogo diset de mesa macro domino<\/p>\n","protected":false},"featured_media":123105,"comment_status":"open","ping_status":"closed","template":"","meta":{"neve_meta_sidebar":"","neve_meta_container":"","neve_meta_enable_content_width":"","neve_meta_content_width":0,"neve_meta_title_alignment":"","neve_meta_author_avatar":"","neve_post_elements_order":"","neve_meta_disable_header":"","neve_meta_disable_footer":"","neve_meta_disable_title":""},"product_brand":[],"product_cat":[2086],"product_tag":[],"class_list":{"0":"post-109471","1":"product","2":"type-product","3":"status-publish","4":"has-post-thumbnail","6":"product_cat-jogos-de-mesa","8":"first","9":"instock","10":"taxable","11":"shipping-taxable","12":"purchasable","13":"product-type-simple"},"_links":{"self":[{"href":"https:\/\/ifoffice.pt\/index.php?rest_route=\/wp\/v2\/product\/109471","targetHints":{"allow":["GET"]}}],"collection":[{"href":"https:\/\/ifoffice.pt\/index.php?rest_route=\/wp\/v2\/product"}],"about":[{"href":"https:\/\/ifoffice.pt\/index.php?rest_route=\/wp\/v2\/types\/product"}],"replies":[{"embeddable":true,"href":"https:\/\/ifoffice.pt\/index.php?rest_route=%2Fwp%2Fv2%2Fcomments&post=109471"}],"wp:featuredmedia":[{"embeddable":true,"href":"https:\/\/ifoffice.pt\/index.php?rest_route=\/wp\/v2\/media\/123105"}],"wp:attachment":[{"href":"https:\/\/ifoffice.pt\/index.php?rest_route=%2Fwp%2Fv2%2Fmedia&parent=109471"}],"wp:term":[{"taxonomy":"product_brand","embeddable":true,"href":"https:\/\/ifoffice.pt\/index.php?rest_route=%2Fwp%2Fv2%2Fproduct_brand&post=109471"},{"taxonomy":"product_cat","embeddable":true,"href":"https:\/\/ifoffice.pt\/index.php?rest_route=%2Fwp%2Fv2%2Fproduct_cat&post=109471"},{"taxonomy":"product_tag","embeddable":true,"href":"https:\/\/ifoffice.pt\/index.php?rest_route=%2Fwp%2Fv2%2Fproduct_tag&post=109471"}],"curies":[{"name":"wp","href":"https:\/\/api.w.org\/{rel}","templated":true}]}}