{"id":109457,"date":"2023-03-07T11:11:55","date_gmt":"2023-03-07T11:11:55","guid":{"rendered":"https:\/\/ifoffice.pt\/?post_type=product&#038;p=109457"},"modified":"2026-02-23T13:26:39","modified_gmt":"2026-02-23T13:26:39","slug":"jogo-de-mesa-falomir-tangram-de-madeira","status":"publish","type":"product","link":"https:\/\/ifoffice.pt\/?product=jogo-de-mesa-falomir-tangram-de-madeira","title":{"rendered":"Jogo de mesa falomir tangram de madeira"},"content":{"rendered":"<p>INTERESSANTE E LEND\u00c1RIO QUEBRA CABE\u00c7AS. DEVEM UTILIZAR-SE AS 7 PE\u00c7AS  FORNECIDAS PARA CRIAR FORMAS SEM COLOCAR AS PE\u00c7AS EM P\u00c9 OU SOBREPOSTAS.  A PARTIR DE 8 ANOS. MEDIDAS: 25 X 17,5 X 3 CM.<\/p>\n","protected":false},"excerpt":{"rendered":"<p>Jogo de mesa falomir tangram de madeira<\/p>\n","protected":false},"featured_media":123472,"comment_status":"open","ping_status":"closed","template":"","meta":{"neve_meta_sidebar":"","neve_meta_container":"","neve_meta_enable_content_width":"","neve_meta_content_width":0,"neve_meta_title_alignment":"","neve_meta_author_avatar":"","neve_post_elements_order":"","neve_meta_disable_header":"","neve_meta_disable_footer":"","neve_meta_disable_title":""},"product_brand":[],"product_cat":[2086],"product_tag":[2880],"class_list":{"0":"post-109457","1":"product","2":"type-product","3":"status-publish","4":"has-post-thumbnail","6":"product_cat-jogos-de-mesa","7":"product_tag-escolar2023","9":"first","10":"instock","11":"sale","12":"taxable","13":"shipping-taxable","14":"purchasable","15":"product-type-simple"},"_links":{"self":[{"href":"https:\/\/ifoffice.pt\/index.php?rest_route=\/wp\/v2\/product\/109457","targetHints":{"allow":["GET"]}}],"collection":[{"href":"https:\/\/ifoffice.pt\/index.php?rest_route=\/wp\/v2\/product"}],"about":[{"href":"https:\/\/ifoffice.pt\/index.php?rest_route=\/wp\/v2\/types\/product"}],"replies":[{"embeddable":true,"href":"https:\/\/ifoffice.pt\/index.php?rest_route=%2Fwp%2Fv2%2Fcomments&post=109457"}],"wp:featuredmedia":[{"embeddable":true,"href":"https:\/\/ifoffice.pt\/index.php?rest_route=\/wp\/v2\/media\/123472"}],"wp:attachment":[{"href":"https:\/\/ifoffice.pt\/index.php?rest_route=%2Fwp%2Fv2%2Fmedia&parent=109457"}],"wp:term":[{"taxonomy":"product_brand","embeddable":true,"href":"https:\/\/ifoffice.pt\/index.php?rest_route=%2Fwp%2Fv2%2Fproduct_brand&post=109457"},{"taxonomy":"product_cat","embeddable":true,"href":"https:\/\/ifoffice.pt\/index.php?rest_route=%2Fwp%2Fv2%2Fproduct_cat&post=109457"},{"taxonomy":"product_tag","embeddable":true,"href":"https:\/\/ifoffice.pt\/index.php?rest_route=%2Fwp%2Fv2%2Fproduct_tag&post=109457"}],"curies":[{"name":"wp","href":"https:\/\/api.w.org\/{rel}","templated":true}]}}