{"id":109375,"date":"2023-03-07T11:10:52","date_gmt":"2023-03-07T11:10:52","guid":{"rendered":"https:\/\/ifoffice.pt\/?post_type=product&#038;p=109375"},"modified":"2025-03-12T15:47:04","modified_gmt":"2025-03-12T15:47:04","slug":"guache-hobby-pelikan-40-cc-preto-2","status":"publish","type":"product","link":"https:\/\/ifoffice.pt\/?product=guache-hobby-pelikan-40-cc-preto-2","title":{"rendered":"Guache hobby pelikan 40 cc preto"},"content":{"rendered":"<p>Pintura a \u00e1gua, opaca e de secagem r\u00e1pida. Grande poder de cobertura. Ideal para utilizar em papel, cartolina, madeira, tela, pasta para modelar e argila.  Pode-se misturar entre si. Alto conte\u00fado de pigmenta\u00e7\u00e3o.<\/p>\n","protected":false},"excerpt":{"rendered":"<p>PACK DE 6 UNIDADES<\/p>\n","protected":false},"featured_media":126712,"comment_status":"open","ping_status":"closed","template":"","meta":{"neve_meta_sidebar":"","neve_meta_container":"","neve_meta_enable_content_width":"","neve_meta_content_width":0,"neve_meta_title_alignment":"","neve_meta_author_avatar":"","neve_post_elements_order":"","neve_meta_disable_header":"","neve_meta_disable_footer":"","neve_meta_disable_title":""},"product_brand":[],"product_cat":[1954],"product_tag":[],"class_list":{"0":"post-109375","1":"product","2":"type-product","3":"status-publish","4":"has-post-thumbnail","6":"product_cat-guache","8":"first","9":"instock","10":"taxable","11":"shipping-taxable","12":"purchasable","13":"product-type-simple"},"_links":{"self":[{"href":"https:\/\/ifoffice.pt\/index.php?rest_route=\/wp\/v2\/product\/109375","targetHints":{"allow":["GET"]}}],"collection":[{"href":"https:\/\/ifoffice.pt\/index.php?rest_route=\/wp\/v2\/product"}],"about":[{"href":"https:\/\/ifoffice.pt\/index.php?rest_route=\/wp\/v2\/types\/product"}],"replies":[{"embeddable":true,"href":"https:\/\/ifoffice.pt\/index.php?rest_route=%2Fwp%2Fv2%2Fcomments&post=109375"}],"wp:featuredmedia":[{"embeddable":true,"href":"https:\/\/ifoffice.pt\/index.php?rest_route=\/wp\/v2\/media\/126712"}],"wp:attachment":[{"href":"https:\/\/ifoffice.pt\/index.php?rest_route=%2Fwp%2Fv2%2Fmedia&parent=109375"}],"wp:term":[{"taxonomy":"product_brand","embeddable":true,"href":"https:\/\/ifoffice.pt\/index.php?rest_route=%2Fwp%2Fv2%2Fproduct_brand&post=109375"},{"taxonomy":"product_cat","embeddable":true,"href":"https:\/\/ifoffice.pt\/index.php?rest_route=%2Fwp%2Fv2%2Fproduct_cat&post=109375"},{"taxonomy":"product_tag","embeddable":true,"href":"https:\/\/ifoffice.pt\/index.php?rest_route=%2Fwp%2Fv2%2Fproduct_tag&post=109375"}],"curies":[{"name":"wp","href":"https:\/\/api.w.org\/{rel}","templated":true}]}}