{"id":109342,"date":"2023-03-07T11:10:28","date_gmt":"2023-03-07T11:10:28","guid":{"rendered":"https:\/\/ifoffice.pt\/?post_type=product&#038;p=109342"},"modified":"2026-02-23T13:37:20","modified_gmt":"2026-02-23T13:37:20","slug":"furador-petrus-65-capacidade-20-folhas-cromado-2","status":"publish","type":"product","link":"https:\/\/ifoffice.pt\/?product=furador-petrus-65-capacidade-20-folhas-cromado-2","title":{"rendered":"Furador petrus 65, capacidade 20 folhas cromado"},"content":{"rendered":"<p>Met\u00e1lico pintado, ideal para o uso em escrit\u00f3rio. Com capacidade para perfurar 20 folhas. Com r\u00e9gua para alinhar o papel. Agora com pun\u00e7\u00f5es mais afiados que permitem uma perfura\u00e7\u00e3o mais f\u00e1cil. Al\u00e9m disso, incorporou-se uma nova r\u00e9gua que permite um ajuste perfeito e que n\u00e3o se move enquanto se perfura. Tamb\u00e9m disp\u00f5e de uma janela que marca o formato selecionado. Medidas da base: 110 x 90 mm. O furador.<\/p>\n","protected":false},"excerpt":{"rendered":"<p>Furador petrus 65, capacidade 20 folhas cromado<\/p>\n","protected":false},"featured_media":126745,"comment_status":"open","ping_status":"closed","template":"","meta":{"neve_meta_sidebar":"","neve_meta_container":"","neve_meta_enable_content_width":"","neve_meta_content_width":0,"neve_meta_title_alignment":"","neve_meta_author_avatar":"","neve_post_elements_order":"","neve_meta_disable_header":"","neve_meta_disable_footer":"","neve_meta_disable_title":""},"product_brand":[],"product_cat":[1810],"product_tag":[2847],"class_list":{"0":"post-109342","1":"product","2":"type-product","3":"status-publish","4":"has-post-thumbnail","6":"product_cat-furadores-de-secretaria","7":"product_tag-furadores-de-secretaria-2","9":"first","10":"instock","11":"taxable","12":"shipping-taxable","13":"purchasable","14":"product-type-simple"},"_links":{"self":[{"href":"https:\/\/ifoffice.pt\/index.php?rest_route=\/wp\/v2\/product\/109342","targetHints":{"allow":["GET"]}}],"collection":[{"href":"https:\/\/ifoffice.pt\/index.php?rest_route=\/wp\/v2\/product"}],"about":[{"href":"https:\/\/ifoffice.pt\/index.php?rest_route=\/wp\/v2\/types\/product"}],"replies":[{"embeddable":true,"href":"https:\/\/ifoffice.pt\/index.php?rest_route=%2Fwp%2Fv2%2Fcomments&post=109342"}],"wp:featuredmedia":[{"embeddable":true,"href":"https:\/\/ifoffice.pt\/index.php?rest_route=\/wp\/v2\/media\/126745"}],"wp:attachment":[{"href":"https:\/\/ifoffice.pt\/index.php?rest_route=%2Fwp%2Fv2%2Fmedia&parent=109342"}],"wp:term":[{"taxonomy":"product_brand","embeddable":true,"href":"https:\/\/ifoffice.pt\/index.php?rest_route=%2Fwp%2Fv2%2Fproduct_brand&post=109342"},{"taxonomy":"product_cat","embeddable":true,"href":"https:\/\/ifoffice.pt\/index.php?rest_route=%2Fwp%2Fv2%2Fproduct_cat&post=109342"},{"taxonomy":"product_tag","embeddable":true,"href":"https:\/\/ifoffice.pt\/index.php?rest_route=%2Fwp%2Fv2%2Fproduct_tag&post=109342"}],"curies":[{"name":"wp","href":"https:\/\/api.w.org\/{rel}","templated":true}]}}