{"id":109330,"date":"2023-03-07T11:10:03","date_gmt":"2023-03-07T11:10:03","guid":{"rendered":"https:\/\/ifoffice.pt\/?post_type=product&#038;p=109330"},"modified":"2025-05-08T15:54:18","modified_gmt":"2025-05-08T15:54:18","slug":"fita-dymo-9mm-x-3mt-azul-tradicional-2","status":"publish","type":"product","link":"https:\/\/ifoffice.pt\/?product=fita-dymo-9mm-x-3mt-azul-tradicional-2","title":{"rendered":"Fita dymo 9mm x 3mt azul -tradicional"},"content":{"rendered":"<p>Etiquetas de relevo pl\u00e1sticas DYMO 3D. Aderem a qualquer superf\u00edcie lisa e limpa. S\u00e3o resistentes \u00e0 \u00e1gua, \u00e0 corros\u00e3o e \u00e0 maioria das subst\u00e2ncias qu\u00edmicas. Tanto podem ser utilizadas em interiores como em exteriores. Cor azul.<\/p>\n","protected":false},"excerpt":{"rendered":"<p>PACK DE 10 UNIDADES<\/p>\n","protected":false},"featured_media":127123,"comment_status":"open","ping_status":"closed","template":"","meta":{"neve_meta_sidebar":"","neve_meta_container":"","neve_meta_enable_content_width":"off","neve_meta_content_width":100,"neve_meta_title_alignment":"","neve_meta_author_avatar":"","neve_post_elements_order":"","neve_meta_disable_header":"","neve_meta_disable_footer":"","neve_meta_disable_title":""},"product_brand":[],"product_cat":[1790],"product_tag":[],"class_list":{"0":"post-109330","1":"product","2":"type-product","3":"status-publish","4":"has-post-thumbnail","6":"product_cat-etiquetadoras-e-fitas","8":"first","9":"instock","10":"taxable","11":"shipping-taxable","12":"purchasable","13":"product-type-variable","14":"has-default-attributes"},"_links":{"self":[{"href":"https:\/\/ifoffice.pt\/index.php?rest_route=\/wp\/v2\/product\/109330","targetHints":{"allow":["GET"]}}],"collection":[{"href":"https:\/\/ifoffice.pt\/index.php?rest_route=\/wp\/v2\/product"}],"about":[{"href":"https:\/\/ifoffice.pt\/index.php?rest_route=\/wp\/v2\/types\/product"}],"replies":[{"embeddable":true,"href":"https:\/\/ifoffice.pt\/index.php?rest_route=%2Fwp%2Fv2%2Fcomments&post=109330"}],"wp:featuredmedia":[{"embeddable":true,"href":"https:\/\/ifoffice.pt\/index.php?rest_route=\/wp\/v2\/media\/127123"}],"wp:attachment":[{"href":"https:\/\/ifoffice.pt\/index.php?rest_route=%2Fwp%2Fv2%2Fmedia&parent=109330"}],"wp:term":[{"taxonomy":"product_brand","embeddable":true,"href":"https:\/\/ifoffice.pt\/index.php?rest_route=%2Fwp%2Fv2%2Fproduct_brand&post=109330"},{"taxonomy":"product_cat","embeddable":true,"href":"https:\/\/ifoffice.pt\/index.php?rest_route=%2Fwp%2Fv2%2Fproduct_cat&post=109330"},{"taxonomy":"product_tag","embeddable":true,"href":"https:\/\/ifoffice.pt\/index.php?rest_route=%2Fwp%2Fv2%2Fproduct_tag&post=109330"}],"curies":[{"name":"wp","href":"https:\/\/api.w.org\/{rel}","templated":true}]}}