{"id":109140,"date":"2023-03-07T11:07:31","date_gmt":"2023-03-07T11:07:31","guid":{"rendered":"https:\/\/ifoffice.pt\/?post_type=product&#038;p=109140"},"modified":"2026-02-23T13:38:43","modified_gmt":"2026-02-23T13:38:43","slug":"esquadro-plastico-verde-transp-32-cm-2","status":"publish","type":"product","link":"https:\/\/ifoffice.pt\/?product=esquadro-plastico-verde-transp-32-cm-2","title":{"rendered":"Esquadro plastico verde transp 32 cm"},"content":{"rendered":"<p>Verde transl\u00facido sem bisel e sem gradua\u00e7\u00e3o. S\u00e9rie t\u00e9cnica. Metacrilato.<\/p>\n","protected":false},"excerpt":{"rendered":"<p>Esquadro plastico verde transp 32 cm<\/p>\n","protected":false},"featured_media":127144,"comment_status":"open","ping_status":"closed","template":"","meta":{"neve_meta_sidebar":"","neve_meta_container":"","neve_meta_enable_content_width":"","neve_meta_content_width":0,"neve_meta_title_alignment":"","neve_meta_author_avatar":"","neve_post_elements_order":"","neve_meta_disable_header":"","neve_meta_disable_footer":"","neve_meta_disable_title":""},"product_brand":[],"product_cat":[2490],"product_tag":[],"class_list":{"0":"post-109140","1":"product","2":"type-product","3":"status-publish","4":"has-post-thumbnail","6":"product_cat-raguas","8":"first","9":"instock","10":"taxable","11":"shipping-taxable","12":"purchasable","13":"product-type-simple"},"_links":{"self":[{"href":"https:\/\/ifoffice.pt\/index.php?rest_route=\/wp\/v2\/product\/109140","targetHints":{"allow":["GET"]}}],"collection":[{"href":"https:\/\/ifoffice.pt\/index.php?rest_route=\/wp\/v2\/product"}],"about":[{"href":"https:\/\/ifoffice.pt\/index.php?rest_route=\/wp\/v2\/types\/product"}],"replies":[{"embeddable":true,"href":"https:\/\/ifoffice.pt\/index.php?rest_route=%2Fwp%2Fv2%2Fcomments&post=109140"}],"wp:featuredmedia":[{"embeddable":true,"href":"https:\/\/ifoffice.pt\/index.php?rest_route=\/wp\/v2\/media\/127144"}],"wp:attachment":[{"href":"https:\/\/ifoffice.pt\/index.php?rest_route=%2Fwp%2Fv2%2Fmedia&parent=109140"}],"wp:term":[{"taxonomy":"product_brand","embeddable":true,"href":"https:\/\/ifoffice.pt\/index.php?rest_route=%2Fwp%2Fv2%2Fproduct_brand&post=109140"},{"taxonomy":"product_cat","embeddable":true,"href":"https:\/\/ifoffice.pt\/index.php?rest_route=%2Fwp%2Fv2%2Fproduct_cat&post=109140"},{"taxonomy":"product_tag","embeddable":true,"href":"https:\/\/ifoffice.pt\/index.php?rest_route=%2Fwp%2Fv2%2Fproduct_tag&post=109140"}],"curies":[{"name":"wp","href":"https:\/\/api.w.org\/{rel}","templated":true}]}}