{"id":109089,"date":"2023-03-07T11:07:01","date_gmt":"2023-03-07T11:07:01","guid":{"rendered":"https:\/\/ifoffice.pt\/?post_type=product&#038;p=109089"},"modified":"2025-03-12T12:26:09","modified_gmt":"2025-03-12T12:26:09","slug":"esferografica-staedtler-stick-preta-2","status":"publish","type":"product","link":"https:\/\/ifoffice.pt\/?product=esferografica-staedtler-stick-preta-2","title":{"rendered":"Esferografica staedtler stick preta"},"content":{"rendered":"<p>Esferogr\u00e1fica com tampa e clip da cor da tinta. Corpo transparente que permite observar o n\u00edvel da tinta. Tra\u00e7o de 0,5 mm. Mais de 3000 m de escrita.<\/p>\n","protected":false},"excerpt":{"rendered":"<p>PACK DE 50 UNIDADES<\/p>\n","protected":false},"featured_media":126590,"comment_status":"open","ping_status":"closed","template":"","meta":{"neve_meta_sidebar":"","neve_meta_container":"","neve_meta_enable_content_width":"","neve_meta_content_width":0,"neve_meta_title_alignment":"","neve_meta_author_avatar":"","neve_post_elements_order":"","neve_meta_disable_header":"","neve_meta_disable_footer":"","neve_meta_disable_title":""},"product_brand":[],"product_cat":[1761],"product_tag":[],"class_list":{"0":"post-109089","1":"product","2":"type-product","3":"status-publish","4":"has-post-thumbnail","6":"product_cat-esferograficas","8":"first","9":"outofstock","10":"taxable","11":"shipping-taxable","12":"purchasable","13":"product-type-simple"},"_links":{"self":[{"href":"https:\/\/ifoffice.pt\/index.php?rest_route=\/wp\/v2\/product\/109089","targetHints":{"allow":["GET"]}}],"collection":[{"href":"https:\/\/ifoffice.pt\/index.php?rest_route=\/wp\/v2\/product"}],"about":[{"href":"https:\/\/ifoffice.pt\/index.php?rest_route=\/wp\/v2\/types\/product"}],"replies":[{"embeddable":true,"href":"https:\/\/ifoffice.pt\/index.php?rest_route=%2Fwp%2Fv2%2Fcomments&post=109089"}],"wp:featuredmedia":[{"embeddable":true,"href":"https:\/\/ifoffice.pt\/index.php?rest_route=\/wp\/v2\/media\/126590"}],"wp:attachment":[{"href":"https:\/\/ifoffice.pt\/index.php?rest_route=%2Fwp%2Fv2%2Fmedia&parent=109089"}],"wp:term":[{"taxonomy":"product_brand","embeddable":true,"href":"https:\/\/ifoffice.pt\/index.php?rest_route=%2Fwp%2Fv2%2Fproduct_brand&post=109089"},{"taxonomy":"product_cat","embeddable":true,"href":"https:\/\/ifoffice.pt\/index.php?rest_route=%2Fwp%2Fv2%2Fproduct_cat&post=109089"},{"taxonomy":"product_tag","embeddable":true,"href":"https:\/\/ifoffice.pt\/index.php?rest_route=%2Fwp%2Fv2%2Fproduct_tag&post=109089"}],"curies":[{"name":"wp","href":"https:\/\/api.w.org\/{rel}","templated":true}]}}