{"id":108853,"date":"2023-03-07T11:03:37","date_gmt":"2023-03-07T11:03:37","guid":{"rendered":"https:\/\/ifoffice.pt\/?post_type=product&#038;p=108853"},"modified":"2026-02-23T13:30:16","modified_gmt":"2026-02-23T13:30:16","slug":"cola-supergen-contacto-incolor20-ml","status":"publish","type":"product","link":"https:\/\/ifoffice.pt\/?product=cola-supergen-contacto-incolor20-ml","title":{"rendered":"Cola supergen contacto incolor20 ml"},"content":{"rendered":"<p>INDICADA PELA SUA TRANSPAR NCIA, PARA ACABAMENTOS MAIS LIMPOS EM TODOS OS TRABALHOS DE BRICOLAGE E REPARA\u00c7 ES. N\u00c3O AMARELECE COM O PASSAR DO TEMPO. ADESIVO INCOLOR E DE SECAGEM R\u00c1PIDA. COLA MADEIRA, BORRACHA, ETC.<\/p>\n","protected":false},"excerpt":{"rendered":"<p>Cola supergen contacto incolor20 ml<\/p>\n","protected":false},"featured_media":131493,"comment_status":"open","ping_status":"closed","template":"","meta":{"neve_meta_sidebar":"","neve_meta_container":"","neve_meta_enable_content_width":"","neve_meta_content_width":0,"neve_meta_title_alignment":"","neve_meta_author_avatar":"","neve_post_elements_order":"","neve_meta_disable_header":"","neve_meta_disable_footer":"","neve_meta_disable_title":""},"product_brand":[],"product_cat":[1758],"product_tag":[],"class_list":{"0":"post-108853","1":"product","2":"type-product","3":"status-publish","4":"has-post-thumbnail","6":"product_cat-cola-em-tubo","8":"first","9":"instock","10":"taxable","11":"shipping-taxable","12":"purchasable","13":"product-type-simple"},"_links":{"self":[{"href":"https:\/\/ifoffice.pt\/index.php?rest_route=\/wp\/v2\/product\/108853","targetHints":{"allow":["GET"]}}],"collection":[{"href":"https:\/\/ifoffice.pt\/index.php?rest_route=\/wp\/v2\/product"}],"about":[{"href":"https:\/\/ifoffice.pt\/index.php?rest_route=\/wp\/v2\/types\/product"}],"replies":[{"embeddable":true,"href":"https:\/\/ifoffice.pt\/index.php?rest_route=%2Fwp%2Fv2%2Fcomments&post=108853"}],"wp:featuredmedia":[{"embeddable":true,"href":"https:\/\/ifoffice.pt\/index.php?rest_route=\/wp\/v2\/media\/131493"}],"wp:attachment":[{"href":"https:\/\/ifoffice.pt\/index.php?rest_route=%2Fwp%2Fv2%2Fmedia&parent=108853"}],"wp:term":[{"taxonomy":"product_brand","embeddable":true,"href":"https:\/\/ifoffice.pt\/index.php?rest_route=%2Fwp%2Fv2%2Fproduct_brand&post=108853"},{"taxonomy":"product_cat","embeddable":true,"href":"https:\/\/ifoffice.pt\/index.php?rest_route=%2Fwp%2Fv2%2Fproduct_cat&post=108853"},{"taxonomy":"product_tag","embeddable":true,"href":"https:\/\/ifoffice.pt\/index.php?rest_route=%2Fwp%2Fv2%2Fproduct_tag&post=108853"}],"curies":[{"name":"wp","href":"https:\/\/api.w.org\/{rel}","templated":true}]}}