{"id":108851,"date":"2023-03-07T11:03:37","date_gmt":"2023-03-07T11:03:37","guid":{"rendered":"https:\/\/ifoffice.pt\/?post_type=product&#038;p=108851"},"modified":"2026-02-23T14:53:28","modified_gmt":"2026-02-23T14:53:28","slug":"cola-supergen-contacto-75-cc-unidade","status":"publish","type":"product","link":"https:\/\/ifoffice.pt\/?product=cola-supergen-contacto-75-cc-unidade","title":{"rendered":"Cola supergen contacto 75 cc -unidade"},"content":{"rendered":"<p>COLA DE CONTACTO PARA UNI\u00d5ES RESISTENTES, FLEX\u00cdVEIS E DURADOURAS. INDICADA PARA TRABALHOS DE BRICOLAGE E REPARA\u00c7\u00d5ES. \u00c9 DE F\u00c1CIL APLICA\u00c7\u00c3O E GARANTE SEMPRE RESULTADOS AUTENTICAMENTE PROFISSIONAIS. USOS: COLA MADEIRA, ALCATIFA, BORRACHA, TECIDOS, LOU\u00c7AS, ETC.<\/p>\n","protected":false},"excerpt":{"rendered":"<p>PACK DE 24 UNIDADES<\/p>\n","protected":false},"featured_media":130009,"comment_status":"open","ping_status":"closed","template":"","meta":{"neve_meta_sidebar":"","neve_meta_container":"","neve_meta_enable_content_width":"","neve_meta_content_width":0,"neve_meta_title_alignment":"","neve_meta_author_avatar":"","neve_post_elements_order":"","neve_meta_disable_header":"","neve_meta_disable_footer":"","neve_meta_disable_title":""},"product_brand":[],"product_cat":[1758],"product_tag":[],"class_list":{"0":"post-108851","1":"product","2":"type-product","3":"status-publish","4":"has-post-thumbnail","6":"product_cat-cola-em-tubo","8":"first","9":"instock","10":"taxable","11":"shipping-taxable","12":"purchasable","13":"product-type-simple"},"_links":{"self":[{"href":"https:\/\/ifoffice.pt\/index.php?rest_route=\/wp\/v2\/product\/108851","targetHints":{"allow":["GET"]}}],"collection":[{"href":"https:\/\/ifoffice.pt\/index.php?rest_route=\/wp\/v2\/product"}],"about":[{"href":"https:\/\/ifoffice.pt\/index.php?rest_route=\/wp\/v2\/types\/product"}],"replies":[{"embeddable":true,"href":"https:\/\/ifoffice.pt\/index.php?rest_route=%2Fwp%2Fv2%2Fcomments&post=108851"}],"wp:featuredmedia":[{"embeddable":true,"href":"https:\/\/ifoffice.pt\/index.php?rest_route=\/wp\/v2\/media\/130009"}],"wp:attachment":[{"href":"https:\/\/ifoffice.pt\/index.php?rest_route=%2Fwp%2Fv2%2Fmedia&parent=108851"}],"wp:term":[{"taxonomy":"product_brand","embeddable":true,"href":"https:\/\/ifoffice.pt\/index.php?rest_route=%2Fwp%2Fv2%2Fproduct_brand&post=108851"},{"taxonomy":"product_cat","embeddable":true,"href":"https:\/\/ifoffice.pt\/index.php?rest_route=%2Fwp%2Fv2%2Fproduct_cat&post=108851"},{"taxonomy":"product_tag","embeddable":true,"href":"https:\/\/ifoffice.pt\/index.php?rest_route=%2Fwp%2Fv2%2Fproduct_tag&post=108851"}],"curies":[{"name":"wp","href":"https:\/\/api.w.org\/{rel}","templated":true}]}}