{"id":108845,"date":"2023-03-07T11:03:28","date_gmt":"2023-03-07T11:03:28","guid":{"rendered":"https:\/\/ifoffice.pt\/?post_type=product&#038;p=108845"},"modified":"2026-02-23T14:53:02","modified_gmt":"2026-02-23T14:53:02","slug":"cola-em-baton-scotch-classic-line-21-grs-unidade","status":"publish","type":"product","link":"https:\/\/ifoffice.pt\/?product=cola-em-baton-scotch-classic-line-21-grs-unidade","title":{"rendered":"Cola em baton scotch classic line 21 grs unidade"},"content":{"rendered":"<p>L\u00c1PIS ADESIVO. M\u00c1XIMO DESLIZAMENTO SOBRE O PAPEL. SECAGEM INSTANT NEA. N\u00c3O HUMEDECE O PAPEL. PARA PAPEL, CART\u00c3O, FOTOGRAFIAS, TELAS, ETC.<\/p>\n","protected":false},"excerpt":{"rendered":"<p>PACK DE 20 UNIDADES<\/p>\n","protected":false},"featured_media":123717,"comment_status":"open","ping_status":"closed","template":"","meta":{"neve_meta_sidebar":"","neve_meta_container":"","neve_meta_enable_content_width":"","neve_meta_content_width":0,"neve_meta_title_alignment":"","neve_meta_author_avatar":"","neve_post_elements_order":"","neve_meta_disable_header":"","neve_meta_disable_footer":"","neve_meta_disable_title":""},"product_brand":[],"product_cat":[1760],"product_tag":[],"class_list":{"0":"post-108845","1":"product","2":"type-product","3":"status-publish","4":"has-post-thumbnail","6":"product_cat-cola-baton","8":"first","9":"instock","10":"taxable","11":"shipping-taxable","12":"purchasable","13":"product-type-simple"},"_links":{"self":[{"href":"https:\/\/ifoffice.pt\/index.php?rest_route=\/wp\/v2\/product\/108845","targetHints":{"allow":["GET"]}}],"collection":[{"href":"https:\/\/ifoffice.pt\/index.php?rest_route=\/wp\/v2\/product"}],"about":[{"href":"https:\/\/ifoffice.pt\/index.php?rest_route=\/wp\/v2\/types\/product"}],"replies":[{"embeddable":true,"href":"https:\/\/ifoffice.pt\/index.php?rest_route=%2Fwp%2Fv2%2Fcomments&post=108845"}],"wp:featuredmedia":[{"embeddable":true,"href":"https:\/\/ifoffice.pt\/index.php?rest_route=\/wp\/v2\/media\/123717"}],"wp:attachment":[{"href":"https:\/\/ifoffice.pt\/index.php?rest_route=%2Fwp%2Fv2%2Fmedia&parent=108845"}],"wp:term":[{"taxonomy":"product_brand","embeddable":true,"href":"https:\/\/ifoffice.pt\/index.php?rest_route=%2Fwp%2Fv2%2Fproduct_brand&post=108845"},{"taxonomy":"product_cat","embeddable":true,"href":"https:\/\/ifoffice.pt\/index.php?rest_route=%2Fwp%2Fv2%2Fproduct_cat&post=108845"},{"taxonomy":"product_tag","embeddable":true,"href":"https:\/\/ifoffice.pt\/index.php?rest_route=%2Fwp%2Fv2%2Fproduct_tag&post=108845"}],"curies":[{"name":"wp","href":"https:\/\/api.w.org\/{rel}","templated":true}]}}