{"id":108746,"date":"2023-03-07T11:01:28","date_gmt":"2023-03-07T11:01:28","guid":{"rendered":"https:\/\/ifoffice.pt\/?post_type=product&#038;p=108746"},"modified":"2025-03-12T12:24:19","modified_gmt":"2025-03-12T12:24:19","slug":"caneta-parker-jotter-royal-azul-ct-em-estojo-de-oferta","status":"publish","type":"product","link":"https:\/\/ifoffice.pt\/?product=caneta-parker-jotter-royal-azul-ct-em-estojo-de-oferta","title":{"rendered":"Caneta parker jotter royal azul ct em estojo de oferta"},"content":{"rendered":"<p>Caneta Parker Jotter. Corpo lacado. Tampa e aparo de a\u00e7o inoxid\u00e1vel. Adornos com acabamentos cromados. Recarga com cartuchos Parker. Apresenta\u00e7\u00e3o em estojo de Parker Jotter.<\/p>\n","protected":false},"excerpt":{"rendered":"<p>Caneta Parker Jotter. Corpo lacado. Tampa e aparo de a\u00e7o inoxid\u00e1vel. Adornos com acabamentos cromados. Recarga com cartuchos Parker. Apresenta\u00e7\u00e3o em estojo de Parker Jotter.<\/p>\n","protected":false},"featured_media":117325,"comment_status":"open","ping_status":"closed","template":"","meta":{"neve_meta_sidebar":"","neve_meta_container":"","neve_meta_enable_content_width":"","neve_meta_content_width":0,"neve_meta_title_alignment":"","neve_meta_author_avatar":"","neve_post_elements_order":"","neve_meta_disable_header":"","neve_meta_disable_footer":"","neve_meta_disable_title":""},"product_brand":[],"product_cat":[1762],"product_tag":[],"class_list":{"0":"post-108746","1":"product","2":"type-product","3":"status-publish","4":"has-post-thumbnail","6":"product_cat-estojo-parker","8":"first","9":"outofstock","10":"taxable","11":"shipping-taxable","12":"purchasable","13":"product-type-simple"},"_links":{"self":[{"href":"https:\/\/ifoffice.pt\/index.php?rest_route=\/wp\/v2\/product\/108746","targetHints":{"allow":["GET"]}}],"collection":[{"href":"https:\/\/ifoffice.pt\/index.php?rest_route=\/wp\/v2\/product"}],"about":[{"href":"https:\/\/ifoffice.pt\/index.php?rest_route=\/wp\/v2\/types\/product"}],"replies":[{"embeddable":true,"href":"https:\/\/ifoffice.pt\/index.php?rest_route=%2Fwp%2Fv2%2Fcomments&post=108746"}],"wp:featuredmedia":[{"embeddable":true,"href":"https:\/\/ifoffice.pt\/index.php?rest_route=\/wp\/v2\/media\/117325"}],"wp:attachment":[{"href":"https:\/\/ifoffice.pt\/index.php?rest_route=%2Fwp%2Fv2%2Fmedia&parent=108746"}],"wp:term":[{"taxonomy":"product_brand","embeddable":true,"href":"https:\/\/ifoffice.pt\/index.php?rest_route=%2Fwp%2Fv2%2Fproduct_brand&post=108746"},{"taxonomy":"product_cat","embeddable":true,"href":"https:\/\/ifoffice.pt\/index.php?rest_route=%2Fwp%2Fv2%2Fproduct_cat&post=108746"},{"taxonomy":"product_tag","embeddable":true,"href":"https:\/\/ifoffice.pt\/index.php?rest_route=%2Fwp%2Fv2%2Fproduct_tag&post=108746"}],"curies":[{"name":"wp","href":"https:\/\/api.w.org\/{rel}","templated":true}]}}