{"id":108598,"date":"2023-03-07T10:59:27","date_gmt":"2023-03-07T10:59:27","guid":{"rendered":"https:\/\/ifoffice.pt\/?post_type=product&#038;p=108598"},"modified":"2026-02-23T12:58:33","modified_gmt":"2026-02-23T12:58:33","slug":"cadeado-kensington-com-chave-microsaver-2-0-para-computadores-portateis","status":"publish","type":"product","link":"https:\/\/ifoffice.pt\/?product=cadeado-kensington-com-chave-microsaver-2-0-para-computadores-portateis","title":{"rendered":"Cadeado kensington com chave microsaver 2.0 para computadores portateis"},"content":{"rendered":"<p>O cadeado com chave microsaver 2.0 para computadores port\u00e1teis est\u00e1 desenhado para ser o cadeado mais pequeno e mais forte. Representa a pr\u00f3xima gera\u00e7\u00e3o em seguran\u00e7a de computadores port\u00e1teis. Cabe\u00e7a resistente de 10 mm e comprimento de 1,8 m.<\/p>\n","protected":false},"excerpt":{"rendered":"<p>Cadeado kensington com chave microsaver 2.0 para computadores portateis<\/p>\n","protected":false},"featured_media":114284,"comment_status":"open","ping_status":"closed","template":"","meta":{"neve_meta_sidebar":"","neve_meta_container":"","neve_meta_enable_content_width":"","neve_meta_content_width":0,"neve_meta_title_alignment":"","neve_meta_author_avatar":"","neve_post_elements_order":"","neve_meta_disable_header":"","neve_meta_disable_footer":"","neve_meta_disable_title":""},"product_brand":[],"product_cat":[1819],"product_tag":[],"class_list":{"0":"post-108598","1":"product","2":"type-product","3":"status-publish","4":"has-post-thumbnail","6":"product_cat-conectividade-cabos-wifi-hub","8":"first","9":"instock","10":"taxable","11":"shipping-taxable","12":"purchasable","13":"product-type-simple"},"_links":{"self":[{"href":"https:\/\/ifoffice.pt\/index.php?rest_route=\/wp\/v2\/product\/108598","targetHints":{"allow":["GET"]}}],"collection":[{"href":"https:\/\/ifoffice.pt\/index.php?rest_route=\/wp\/v2\/product"}],"about":[{"href":"https:\/\/ifoffice.pt\/index.php?rest_route=\/wp\/v2\/types\/product"}],"replies":[{"embeddable":true,"href":"https:\/\/ifoffice.pt\/index.php?rest_route=%2Fwp%2Fv2%2Fcomments&post=108598"}],"wp:featuredmedia":[{"embeddable":true,"href":"https:\/\/ifoffice.pt\/index.php?rest_route=\/wp\/v2\/media\/114284"}],"wp:attachment":[{"href":"https:\/\/ifoffice.pt\/index.php?rest_route=%2Fwp%2Fv2%2Fmedia&parent=108598"}],"wp:term":[{"taxonomy":"product_brand","embeddable":true,"href":"https:\/\/ifoffice.pt\/index.php?rest_route=%2Fwp%2Fv2%2Fproduct_brand&post=108598"},{"taxonomy":"product_cat","embeddable":true,"href":"https:\/\/ifoffice.pt\/index.php?rest_route=%2Fwp%2Fv2%2Fproduct_cat&post=108598"},{"taxonomy":"product_tag","embeddable":true,"href":"https:\/\/ifoffice.pt\/index.php?rest_route=%2Fwp%2Fv2%2Fproduct_tag&post=108598"}],"curies":[{"name":"wp","href":"https:\/\/api.w.org\/{rel}","templated":true}]}}