{"id":108450,"date":"2023-03-07T10:57:08","date_gmt":"2023-03-07T10:57:08","guid":{"rendered":"https:\/\/ifoffice.pt\/?post_type=product&#038;p=108450"},"modified":"2026-02-23T13:38:55","modified_gmt":"2026-02-23T13:38:55","slug":"baralho-fournier-poker-ingles-y-bridge-818-55-2","status":"publish","type":"product","link":"https:\/\/ifoffice.pt\/?product=baralho-fournier-poker-ingles-y-bridge-818-55-2","title":{"rendered":"Baralho fournier poker ingles y bridge -818-55"},"content":{"rendered":"<p>55 cartas. Em estojo de cart\u00e3o. Com \u00edndices standard. Cartas de cart\u00e3o de 300 g\/m\u00b2. Medidas: 62,5 x 88 mm. O\u00a0baralho.<\/p>\n","protected":false},"excerpt":{"rendered":"<p>Baralho fournier poker ingles y bridge -818-55<\/p>\n","protected":false},"featured_media":127190,"comment_status":"open","ping_status":"closed","template":"","meta":{"neve_meta_sidebar":"","neve_meta_container":"","neve_meta_enable_content_width":"","neve_meta_content_width":0,"neve_meta_title_alignment":"","neve_meta_author_avatar":"","neve_post_elements_order":"","neve_meta_disable_header":"","neve_meta_disable_footer":"","neve_meta_disable_title":""},"product_brand":[],"product_cat":[2091],"product_tag":[],"class_list":{"0":"post-108450","1":"product","2":"type-product","3":"status-publish","4":"has-post-thumbnail","6":"product_cat-baralhos-de-cartas","8":"first","9":"instock","10":"taxable","11":"shipping-taxable","12":"purchasable","13":"product-type-simple"},"_links":{"self":[{"href":"https:\/\/ifoffice.pt\/index.php?rest_route=\/wp\/v2\/product\/108450","targetHints":{"allow":["GET"]}}],"collection":[{"href":"https:\/\/ifoffice.pt\/index.php?rest_route=\/wp\/v2\/product"}],"about":[{"href":"https:\/\/ifoffice.pt\/index.php?rest_route=\/wp\/v2\/types\/product"}],"replies":[{"embeddable":true,"href":"https:\/\/ifoffice.pt\/index.php?rest_route=%2Fwp%2Fv2%2Fcomments&post=108450"}],"wp:featuredmedia":[{"embeddable":true,"href":"https:\/\/ifoffice.pt\/index.php?rest_route=\/wp\/v2\/media\/127190"}],"wp:attachment":[{"href":"https:\/\/ifoffice.pt\/index.php?rest_route=%2Fwp%2Fv2%2Fmedia&parent=108450"}],"wp:term":[{"taxonomy":"product_brand","embeddable":true,"href":"https:\/\/ifoffice.pt\/index.php?rest_route=%2Fwp%2Fv2%2Fproduct_brand&post=108450"},{"taxonomy":"product_cat","embeddable":true,"href":"https:\/\/ifoffice.pt\/index.php?rest_route=%2Fwp%2Fv2%2Fproduct_cat&post=108450"},{"taxonomy":"product_tag","embeddable":true,"href":"https:\/\/ifoffice.pt\/index.php?rest_route=%2Fwp%2Fv2%2Fproduct_tag&post=108450"}],"curies":[{"name":"wp","href":"https:\/\/api.w.org\/{rel}","templated":true}]}}