{"id":108414,"date":"2023-03-07T10:56:34","date_gmt":"2023-03-07T10:56:34","guid":{"rendered":"https:\/\/ifoffice.pt\/?post_type=product&#038;p=108414"},"modified":"2026-02-23T13:02:17","modified_gmt":"2026-02-23T13:02:17","slug":"auricular-mediarange-monaural-diadema-sem-fios-bluetooth-com-microfone","status":"publish","type":"product","link":"https:\/\/ifoffice.pt\/?product=auricular-mediarange-monaural-diadema-sem-fios-bluetooth-com-microfone","title":{"rendered":"Auricular mediarange monaural diadema sem fios bluetooth com microfone"},"content":{"rendered":"<p>Ideais para confer\u00eancias telef\u00f3nicas, v\u00eddeoconfer\u00eancias ou para reconhecimento de voz. Conex\u00e3o Bluetooth. Bra\u00e7o do microfone flex\u00edvel e auricular acolchoado que garantem uma grande comodidade de uso. Comunica\u00e7\u00e3o clara e inequ\u00edvoca. Microfone com filtro de ru\u00eddo que assegura o isolamento de ru\u00eddos ambientais. O auricular adapta-se perfeitamente a qualquer forma de cabe\u00e7a. Gama de frequ\u00eancia Bluetooth: 2,4 GHz -2,480 GHz. Dist\u00e2ncia de transmiss\u00e3o: 10 metros. Tempo de trabalho: At\u00e9 12 horas. Controlo de volume cont\u00ednuo. Medidas: 150 x 175 x 40 mm. Peso: 55 g.  O auricular.<\/p>\n","protected":false},"excerpt":{"rendered":"<p>Auricular mediarange monaural diadema sem fios bluetooth com microfone<\/p>\n","protected":false},"featured_media":115449,"comment_status":"open","ping_status":"closed","template":"","meta":{"neve_meta_sidebar":"","neve_meta_container":"","neve_meta_enable_content_width":"","neve_meta_content_width":0,"neve_meta_title_alignment":"","neve_meta_author_avatar":"","neve_post_elements_order":"","neve_meta_disable_header":"","neve_meta_disable_footer":"","neve_meta_disable_title":""},"product_brand":[],"product_cat":[1805],"product_tag":[],"class_list":{"0":"post-108414","1":"product","2":"type-product","3":"status-publish","4":"has-post-thumbnail","6":"product_cat-colunas-microfones-webcam","8":"first","9":"instock","10":"taxable","11":"shipping-taxable","12":"purchasable","13":"product-type-simple"},"_links":{"self":[{"href":"https:\/\/ifoffice.pt\/index.php?rest_route=\/wp\/v2\/product\/108414","targetHints":{"allow":["GET"]}}],"collection":[{"href":"https:\/\/ifoffice.pt\/index.php?rest_route=\/wp\/v2\/product"}],"about":[{"href":"https:\/\/ifoffice.pt\/index.php?rest_route=\/wp\/v2\/types\/product"}],"replies":[{"embeddable":true,"href":"https:\/\/ifoffice.pt\/index.php?rest_route=%2Fwp%2Fv2%2Fcomments&post=108414"}],"wp:featuredmedia":[{"embeddable":true,"href":"https:\/\/ifoffice.pt\/index.php?rest_route=\/wp\/v2\/media\/115449"}],"wp:attachment":[{"href":"https:\/\/ifoffice.pt\/index.php?rest_route=%2Fwp%2Fv2%2Fmedia&parent=108414"}],"wp:term":[{"taxonomy":"product_brand","embeddable":true,"href":"https:\/\/ifoffice.pt\/index.php?rest_route=%2Fwp%2Fv2%2Fproduct_brand&post=108414"},{"taxonomy":"product_cat","embeddable":true,"href":"https:\/\/ifoffice.pt\/index.php?rest_route=%2Fwp%2Fv2%2Fproduct_cat&post=108414"},{"taxonomy":"product_tag","embeddable":true,"href":"https:\/\/ifoffice.pt\/index.php?rest_route=%2Fwp%2Fv2%2Fproduct_tag&post=108414"}],"curies":[{"name":"wp","href":"https:\/\/api.w.org\/{rel}","templated":true}]}}