{"id":108385,"date":"2023-03-07T10:56:12","date_gmt":"2023-03-07T10:56:12","guid":{"rendered":"https:\/\/ifoffice.pt\/?post_type=product&#038;p=108385"},"modified":"2025-03-12T12:22:16","modified_gmt":"2025-03-12T12:22:16","slug":"apoios-de-pes-kensington-smartfit-solemate-altura-ajustavel-cinza","status":"publish","type":"product","link":"https:\/\/ifoffice.pt\/?product=apoios-de-pes-kensington-smartfit-solemate-altura-ajustavel-cinza","title":{"rendered":"Apoios de pes kensington smartfit solemate altura ajustavel cinza"},"content":{"rendered":"<p>Apoio de p\u00e9s ergon\u00f3mico. \u00c2ngulo e inclina\u00e7\u00e3o ajust\u00e1veis para permitir que os utilizadores personalizem a sua inclina\u00e7\u00e3o preferida. Plataforma larga para uma comodidade mais ampla. Superf\u00edcie f\u00e1cil de limpar. Certifica\u00e7\u00f5es e conformidade: RoHS, CA Prop 65 e REACH. Cor cinza. Medidas: 450 x 140 x 340 mm.<\/p>\n","protected":false},"excerpt":{"rendered":"<p>Apoio de p\u00e9s ergon\u00f3mico. \u00c2ngulo e inclina\u00e7\u00e3o ajust\u00e1veis para permitir que os utilizadores personalizem a sua inclina\u00e7\u00e3o preferida. Plataforma larga para uma comodidade mais ampla. Superf\u00edcie f\u00e1cil de limpar. Certifica\u00e7\u00f5es e conformidade: RoHS, CA Prop 65 e REACH. Cor cinza. Medidas: 450 x 140 x 340 mm.<\/p>\n","protected":false},"featured_media":114479,"comment_status":"open","ping_status":"closed","template":"","meta":{"neve_meta_sidebar":"","neve_meta_container":"","neve_meta_enable_content_width":"","neve_meta_content_width":0,"neve_meta_title_alignment":"","neve_meta_author_avatar":"","neve_post_elements_order":"","neve_meta_disable_header":"","neve_meta_disable_footer":"","neve_meta_disable_title":""},"product_brand":[],"product_cat":[1808],"product_tag":[],"class_list":{"0":"post-108385","1":"product","2":"type-product","3":"status-publish","4":"has-post-thumbnail","6":"product_cat-ergonomia","8":"first","9":"outofstock","10":"taxable","11":"shipping-taxable","12":"purchasable","13":"product-type-simple"},"_links":{"self":[{"href":"https:\/\/ifoffice.pt\/index.php?rest_route=\/wp\/v2\/product\/108385","targetHints":{"allow":["GET"]}}],"collection":[{"href":"https:\/\/ifoffice.pt\/index.php?rest_route=\/wp\/v2\/product"}],"about":[{"href":"https:\/\/ifoffice.pt\/index.php?rest_route=\/wp\/v2\/types\/product"}],"replies":[{"embeddable":true,"href":"https:\/\/ifoffice.pt\/index.php?rest_route=%2Fwp%2Fv2%2Fcomments&post=108385"}],"wp:featuredmedia":[{"embeddable":true,"href":"https:\/\/ifoffice.pt\/index.php?rest_route=\/wp\/v2\/media\/114479"}],"wp:attachment":[{"href":"https:\/\/ifoffice.pt\/index.php?rest_route=%2Fwp%2Fv2%2Fmedia&parent=108385"}],"wp:term":[{"taxonomy":"product_brand","embeddable":true,"href":"https:\/\/ifoffice.pt\/index.php?rest_route=%2Fwp%2Fv2%2Fproduct_brand&post=108385"},{"taxonomy":"product_cat","embeddable":true,"href":"https:\/\/ifoffice.pt\/index.php?rest_route=%2Fwp%2Fv2%2Fproduct_cat&post=108385"},{"taxonomy":"product_tag","embeddable":true,"href":"https:\/\/ifoffice.pt\/index.php?rest_route=%2Fwp%2Fv2%2Fproduct_tag&post=108385"}],"curies":[{"name":"wp","href":"https:\/\/api.w.org\/{rel}","templated":true}]}}