{"id":108232,"date":"2023-03-07T10:53:51","date_gmt":"2023-03-07T10:53:51","guid":{"rendered":"https:\/\/ifoffice.pt\/?post_type=product&#038;p=108232"},"modified":"2026-02-23T13:37:50","modified_gmt":"2026-02-23T13:37:50","slug":"quadro-verde-mural-200x100-cm-2","status":"publish","type":"product","link":"https:\/\/ifoffice.pt\/?product=quadro-verde-mural-200x100-cm-2","title":{"rendered":"Quadro verde q-connect giz moldura aluminio sem prateleira 200&#215;100 cm"},"content":{"rendered":"<p>Quadro verde para giz. Superf\u00edcie laminada verde. Moldura de alum\u00ednio natural, prata mate e cantos redondos de pl\u00e1stico cinza claro. Inclui kit de fixa\u00e7\u00e3o \u00e0 parede. Medidas: 200 x 100 cm.O quadro.<\/p>\n","protected":false},"excerpt":{"rendered":"<p>Quadro verde q-connect giz moldura aluminio sem prateleira 200&#215;100 cm<\/p>\n","protected":false},"featured_media":126905,"comment_status":"open","ping_status":"closed","template":"","meta":{"neve_meta_sidebar":"","neve_meta_container":"","neve_meta_enable_content_width":"","neve_meta_content_width":0,"neve_meta_title_alignment":"","neve_meta_author_avatar":"","neve_post_elements_order":"","neve_meta_disable_header":"","neve_meta_disable_footer":"","neve_meta_disable_title":""},"product_brand":[],"product_cat":[2387],"product_tag":[],"class_list":{"0":"post-108232","1":"product","2":"type-product","3":"status-publish","4":"has-post-thumbnail","6":"product_cat-quadros-verdes","8":"first","9":"instock","10":"taxable","11":"shipping-taxable","12":"purchasable","13":"product-type-simple"},"_links":{"self":[{"href":"https:\/\/ifoffice.pt\/index.php?rest_route=\/wp\/v2\/product\/108232","targetHints":{"allow":["GET"]}}],"collection":[{"href":"https:\/\/ifoffice.pt\/index.php?rest_route=\/wp\/v2\/product"}],"about":[{"href":"https:\/\/ifoffice.pt\/index.php?rest_route=\/wp\/v2\/types\/product"}],"replies":[{"embeddable":true,"href":"https:\/\/ifoffice.pt\/index.php?rest_route=%2Fwp%2Fv2%2Fcomments&post=108232"}],"wp:featuredmedia":[{"embeddable":true,"href":"https:\/\/ifoffice.pt\/index.php?rest_route=\/wp\/v2\/media\/126905"}],"wp:attachment":[{"href":"https:\/\/ifoffice.pt\/index.php?rest_route=%2Fwp%2Fv2%2Fmedia&parent=108232"}],"wp:term":[{"taxonomy":"product_brand","embeddable":true,"href":"https:\/\/ifoffice.pt\/index.php?rest_route=%2Fwp%2Fv2%2Fproduct_brand&post=108232"},{"taxonomy":"product_cat","embeddable":true,"href":"https:\/\/ifoffice.pt\/index.php?rest_route=%2Fwp%2Fv2%2Fproduct_cat&post=108232"},{"taxonomy":"product_tag","embeddable":true,"href":"https:\/\/ifoffice.pt\/index.php?rest_route=%2Fwp%2Fv2%2Fproduct_tag&post=108232"}],"curies":[{"name":"wp","href":"https:\/\/api.w.org\/{rel}","templated":true}]}}