{"id":108184,"date":"2023-03-07T10:52:33","date_gmt":"2023-03-07T10:52:33","guid":{"rendered":"https:\/\/ifoffice.pt\/?post_type=product&#038;p=108184"},"modified":"2026-02-23T13:14:22","modified_gmt":"2026-02-23T13:14:22","slug":"cartao-ondulado-q-connect-090x25m-250-g-m2-kraft","status":"publish","type":"product","link":"https:\/\/ifoffice.pt\/?product=cartao-ondulado-q-connect-090x25m-250-g-m2-kraft","title":{"rendered":"Cartao ondulado q-connect 0,90x25m 250 g\/m2 kraft"},"content":{"rendered":"<p>ROLO DE CART\u00c3O ONDULADO RESISTENTE E POLIVALENTE. IDEAL PARA PREENCHER, SEPARAR, PROTEGER E FIXAR PRODUTOS. A SUA FLEX\u00cdBILIDADE PERMITE-LHE ADAPTARSE \u00c0 FORMA DOS OBJETOS PARA ASSEGURAR UMA \u00d3TIMA PROTE\u00c7\u00c3O. 250 G\/M\u00b2. MEDIDAS: 0,90 X 25 M.<\/p>\n","protected":false},"excerpt":{"rendered":"<p>Cartao ondulado q-connect 0,90x25m 250 g\/m2 kraft<\/p>\n","protected":false},"featured_media":119245,"comment_status":"open","ping_status":"closed","template":"","meta":{"neve_meta_sidebar":"","neve_meta_container":"","neve_meta_enable_content_width":"","neve_meta_content_width":0,"neve_meta_title_alignment":"","neve_meta_author_avatar":"","neve_post_elements_order":"","neve_meta_disable_header":"","neve_meta_disable_footer":"","neve_meta_disable_title":""},"product_brand":[],"product_cat":[1924],"product_tag":[],"class_list":{"0":"post-108184","1":"product","2":"type-product","3":"status-publish","4":"has-post-thumbnail","6":"product_cat-outros-acessorios-de-embalagem","8":"first","9":"outofstock","10":"taxable","11":"shipping-taxable","12":"purchasable","13":"product-type-simple"},"_links":{"self":[{"href":"https:\/\/ifoffice.pt\/index.php?rest_route=\/wp\/v2\/product\/108184","targetHints":{"allow":["GET"]}}],"collection":[{"href":"https:\/\/ifoffice.pt\/index.php?rest_route=\/wp\/v2\/product"}],"about":[{"href":"https:\/\/ifoffice.pt\/index.php?rest_route=\/wp\/v2\/types\/product"}],"replies":[{"embeddable":true,"href":"https:\/\/ifoffice.pt\/index.php?rest_route=%2Fwp%2Fv2%2Fcomments&post=108184"}],"wp:featuredmedia":[{"embeddable":true,"href":"https:\/\/ifoffice.pt\/index.php?rest_route=\/wp\/v2\/media\/119245"}],"wp:attachment":[{"href":"https:\/\/ifoffice.pt\/index.php?rest_route=%2Fwp%2Fv2%2Fmedia&parent=108184"}],"wp:term":[{"taxonomy":"product_brand","embeddable":true,"href":"https:\/\/ifoffice.pt\/index.php?rest_route=%2Fwp%2Fv2%2Fproduct_brand&post=108184"},{"taxonomy":"product_cat","embeddable":true,"href":"https:\/\/ifoffice.pt\/index.php?rest_route=%2Fwp%2Fv2%2Fproduct_cat&post=108184"},{"taxonomy":"product_tag","embeddable":true,"href":"https:\/\/ifoffice.pt\/index.php?rest_route=%2Fwp%2Fv2%2Fproduct_tag&post=108184"}],"curies":[{"name":"wp","href":"https:\/\/api.w.org\/{rel}","templated":true}]}}