{"id":107923,"date":"2023-03-07T10:48:44","date_gmt":"2023-03-07T10:48:44","guid":{"rendered":"https:\/\/ifoffice.pt\/?post_type=product&#038;p=107923"},"modified":"2025-03-12T12:19:41","modified_gmt":"2025-03-12T12:19:41","slug":"mochila-escolar-liderpapel-mochila-infantil-neopreno-monstro","status":"publish","type":"product","link":"https:\/\/ifoffice.pt\/produto\/mochila-escolar-liderpapel-mochila-infantil-neopreno-monstro\/","title":{"rendered":"Mochila escolar liderpapel mochila infantil neopreno monstro"},"content":{"rendered":"<p>Mochila infantil pr\u00e1tica e resistente. Ideal para o jardim de inf\u00e2ncia e educa\u00e7\u00e3o infantil. Fabricada em neopreno, resistente \u00e0 \u00e1gua. Parte traseira acolchoada para maior conforto. Al\u00e7as acolchoadas ajust\u00e1veis. 4 modelos distintos.<\/p>\n","protected":false},"excerpt":{"rendered":"<p>Mochila infantil pr\u00e1tica e resistente. Ideal para o jardim de inf\u00e2ncia e educa\u00e7\u00e3o infantil. Fabricada em neopreno, resistente \u00e0 \u00e1gua. Parte traseira acolchoada para maior conforto. Al\u00e7as acolchoadas ajust\u00e1veis. 4 modelos distintos.<\/p>\n","protected":false},"featured_media":114329,"comment_status":"open","ping_status":"closed","template":"","meta":{"neve_meta_sidebar":"","neve_meta_container":"","neve_meta_enable_content_width":"","neve_meta_content_width":0,"neve_meta_title_alignment":"","neve_meta_author_avatar":"","neve_post_elements_order":"","neve_meta_disable_header":"","neve_meta_disable_footer":"","neve_meta_disable_title":""},"product_brand":[],"product_cat":[2186],"product_tag":[],"class_list":{"0":"post-107923","1":"product","2":"type-product","3":"status-publish","4":"has-post-thumbnail","6":"product_cat-mochilas-escolares","8":"first","9":"outofstock","10":"taxable","11":"shipping-taxable","12":"purchasable","13":"product-type-simple"},"_links":{"self":[{"href":"https:\/\/ifoffice.pt\/wp-json\/wp\/v2\/product\/107923","targetHints":{"allow":["GET"]}}],"collection":[{"href":"https:\/\/ifoffice.pt\/wp-json\/wp\/v2\/product"}],"about":[{"href":"https:\/\/ifoffice.pt\/wp-json\/wp\/v2\/types\/product"}],"replies":[{"embeddable":true,"href":"https:\/\/ifoffice.pt\/wp-json\/wp\/v2\/comments?post=107923"}],"wp:featuredmedia":[{"embeddable":true,"href":"https:\/\/ifoffice.pt\/wp-json\/wp\/v2\/media\/114329"}],"wp:attachment":[{"href":"https:\/\/ifoffice.pt\/wp-json\/wp\/v2\/media?parent=107923"}],"wp:term":[{"taxonomy":"product_brand","embeddable":true,"href":"https:\/\/ifoffice.pt\/wp-json\/wp\/v2\/product_brand?post=107923"},{"taxonomy":"product_cat","embeddable":true,"href":"https:\/\/ifoffice.pt\/wp-json\/wp\/v2\/product_cat?post=107923"},{"taxonomy":"product_tag","embeddable":true,"href":"https:\/\/ifoffice.pt\/wp-json\/wp\/v2\/product_tag?post=107923"}],"curies":[{"name":"wp","href":"https:\/\/api.w.org\/{rel}","templated":true}]}}