{"id":107902,"date":"2023-03-07T10:48:29","date_gmt":"2023-03-07T10:48:29","guid":{"rendered":"https:\/\/ifoffice.pt\/?post_type=product&#038;p=107902"},"modified":"2025-03-12T12:19:34","modified_gmt":"2025-03-12T12:19:34","slug":"lapis-de-cores-liderpapel-12-unidades-caixa-metalica","status":"publish","type":"product","link":"https:\/\/ifoffice.pt\/?product=lapis-de-cores-liderpapel-12-unidades-caixa-metalica","title":{"rendered":"Lapis de cores liderpapel 12 unidades caixa metalica"},"content":{"rendered":"<p>L\u00c1PIS DE CORES INTENSAS FABRICADOS EM MADEIRA. FORMA HEXAGONAL. MINA EXTRAL\u00c1PIS DE CORES INTENSAS FABRICADOS EM MADEIRA. FORMA HEXAGONAL. MINA EXTRA  RESISTENTE. ESCRITA SUAVE E UNIFORME. L\u00c1PIS DA COR DA MINA. IDEAIS PARA USO  ESCOLAR. ESTOJO MET\u00c1LICO COM 12 CORES SORTIDAS. ALTURA DO L\u00c1PIS: 174,5 MM.  DI\u00c2METRO DO L\u00c1PIS: 7,5 MM. DI\u00c2METRO DA MINA: 4 MM.<\/p>\n","protected":false},"excerpt":{"rendered":"<p>L\u00c1PIS DE CORES INTENSAS FABRICADOS EM MADEIRA. FORMA HEXAGONAL. MINA EXTRAL\u00c1PIS DE CORES INTENSAS FABRICADOS EM MADEIRA. FORMA HEXAGONAL. MINA EXTRA RESISTENTE. ESCRITA SUAVE E UNIFORME. L\u00c1PIS DA COR DA MINA. IDEAIS PARA USO ESCOLAR. ESTOJO MET\u00c1LICO COM 12 CORES SORTIDAS. ALTURA DO L\u00c1PIS: 174,5 MM. DI\u00c2METRO DO L\u00c1PIS: 7,5 MM. DI\u00c2METRO DA MINA: 4 MM.<\/p>\n","protected":false},"featured_media":121974,"comment_status":"open","ping_status":"closed","template":"","meta":{"neve_meta_sidebar":"","neve_meta_container":"","neve_meta_enable_content_width":"","neve_meta_content_width":0,"neve_meta_title_alignment":"","neve_meta_author_avatar":"","neve_post_elements_order":"","neve_meta_disable_header":"","neve_meta_disable_footer":"","neve_meta_disable_title":""},"product_brand":[],"product_cat":[1856],"product_tag":[],"class_list":{"0":"post-107902","1":"product","2":"type-product","3":"status-publish","4":"has-post-thumbnail","6":"product_cat-lapis-de-cor","8":"first","9":"outofstock","10":"taxable","11":"shipping-taxable","12":"purchasable","13":"product-type-simple"},"_links":{"self":[{"href":"https:\/\/ifoffice.pt\/index.php?rest_route=\/wp\/v2\/product\/107902","targetHints":{"allow":["GET"]}}],"collection":[{"href":"https:\/\/ifoffice.pt\/index.php?rest_route=\/wp\/v2\/product"}],"about":[{"href":"https:\/\/ifoffice.pt\/index.php?rest_route=\/wp\/v2\/types\/product"}],"replies":[{"embeddable":true,"href":"https:\/\/ifoffice.pt\/index.php?rest_route=%2Fwp%2Fv2%2Fcomments&post=107902"}],"wp:featuredmedia":[{"embeddable":true,"href":"https:\/\/ifoffice.pt\/index.php?rest_route=\/wp\/v2\/media\/121974"}],"wp:attachment":[{"href":"https:\/\/ifoffice.pt\/index.php?rest_route=%2Fwp%2Fv2%2Fmedia&parent=107902"}],"wp:term":[{"taxonomy":"product_brand","embeddable":true,"href":"https:\/\/ifoffice.pt\/index.php?rest_route=%2Fwp%2Fv2%2Fproduct_brand&post=107902"},{"taxonomy":"product_cat","embeddable":true,"href":"https:\/\/ifoffice.pt\/index.php?rest_route=%2Fwp%2Fv2%2Fproduct_cat&post=107902"},{"taxonomy":"product_tag","embeddable":true,"href":"https:\/\/ifoffice.pt\/index.php?rest_route=%2Fwp%2Fv2%2Fproduct_tag&post=107902"}],"curies":[{"name":"wp","href":"https:\/\/api.w.org\/{rel}","templated":true}]}}