{"id":107813,"date":"2023-03-07T10:47:03","date_gmt":"2023-03-07T10:47:03","guid":{"rendered":"https:\/\/ifoffice.pt\/?post_type=product&#038;p=107813"},"modified":"2026-02-23T12:56:20","modified_gmt":"2026-02-23T12:56:20","slug":"cavalete-de-pintura-liderpapel-secretaria-madeira-fsc-80x275x30-cm","status":"publish","type":"product","link":"https:\/\/ifoffice.pt\/?product=cavalete-de-pintura-liderpapel-secretaria-madeira-fsc-80x275x30-cm","title":{"rendered":"Cavalete de pintura liderpapel secretaria madeira fsc 80&#215;27,5&#215;30 cm"},"content":{"rendered":"<p>Cavalete pequeno de escrit\u00f3rio que ocupa pouco espa\u00e7o e \u00e9 perfeito para ter sobre a mesa ou levar e trazer das aulas de pintura. Fabricado em madeira de florestas sustent\u00e1veis. Disp\u00f5e de bandeja porta objetos, \u00e9 dobr\u00e1vel e regul\u00e1vel em altura. Medidas: 27,5 x 30 x 80 cm.  O cavalete.<\/p>\n","protected":false},"excerpt":{"rendered":"<p>Cavalete de pintura liderpapel secretaria madeira fsc 80&#215;27,5&#215;30 cm<\/p>\n","protected":false},"featured_media":113385,"comment_status":"open","ping_status":"closed","template":"","meta":{"neve_meta_sidebar":"","neve_meta_container":"","neve_meta_enable_content_width":"","neve_meta_content_width":0,"neve_meta_title_alignment":"","neve_meta_author_avatar":"","neve_post_elements_order":"","neve_meta_disable_header":"","neve_meta_disable_footer":"","neve_meta_disable_title":""},"product_brand":[],"product_cat":[2299],"product_tag":[],"class_list":{"0":"post-107813","1":"product","2":"type-product","3":"status-publish","4":"has-post-thumbnail","6":"product_cat-cavaletes","8":"first","9":"instock","10":"taxable","11":"shipping-taxable","12":"purchasable","13":"product-type-simple"},"_links":{"self":[{"href":"https:\/\/ifoffice.pt\/index.php?rest_route=\/wp\/v2\/product\/107813","targetHints":{"allow":["GET"]}}],"collection":[{"href":"https:\/\/ifoffice.pt\/index.php?rest_route=\/wp\/v2\/product"}],"about":[{"href":"https:\/\/ifoffice.pt\/index.php?rest_route=\/wp\/v2\/types\/product"}],"replies":[{"embeddable":true,"href":"https:\/\/ifoffice.pt\/index.php?rest_route=%2Fwp%2Fv2%2Fcomments&post=107813"}],"wp:featuredmedia":[{"embeddable":true,"href":"https:\/\/ifoffice.pt\/index.php?rest_route=\/wp\/v2\/media\/113385"}],"wp:attachment":[{"href":"https:\/\/ifoffice.pt\/index.php?rest_route=%2Fwp%2Fv2%2Fmedia&parent=107813"}],"wp:term":[{"taxonomy":"product_brand","embeddable":true,"href":"https:\/\/ifoffice.pt\/index.php?rest_route=%2Fwp%2Fv2%2Fproduct_brand&post=107813"},{"taxonomy":"product_cat","embeddable":true,"href":"https:\/\/ifoffice.pt\/index.php?rest_route=%2Fwp%2Fv2%2Fproduct_cat&post=107813"},{"taxonomy":"product_tag","embeddable":true,"href":"https:\/\/ifoffice.pt\/index.php?rest_route=%2Fwp%2Fv2%2Fproduct_tag&post=107813"}],"curies":[{"name":"wp","href":"https:\/\/api.w.org\/{rel}","templated":true}]}}