{"id":107797,"date":"2023-03-07T10:46:38","date_gmt":"2023-03-07T10:46:38","guid":{"rendered":"https:\/\/ifoffice.pt\/?post_type=product&#038;p=107797"},"modified":"2026-02-23T13:32:07","modified_gmt":"2026-02-23T13:32:07","slug":"capa-liderpapel-paper-coat-4-aneis-25-mm-frosty-azul","status":"publish","type":"product","link":"https:\/\/ifoffice.pt\/?product=capa-liderpapel-paper-coat-4-aneis-25-mm-frosty-azul","title":{"rendered":"Capa liderpapel paper coat 4 aneis 25 mm frosty azul"},"content":{"rendered":"<p>PASTA FABRICADA EM CART\u00c3O COLADO, FORRADO COM PAPEL DE ENCADERNA\u00c7\u00c3O PLASTIFICADO COM TELA EM PVC. AN\u00c9IS MISTOS. LARGURA DA LOMBADA 40 MM. 4 AN\u00c9IS DE 25 MM. FORMATO F\u00d3LIO. MEDIDAS: 332 X 260 MM.<\/p>\n","protected":false},"excerpt":{"rendered":"<p>Capa liderpapel paper coat 4 aneis 25 mm frosty azul<\/p>\n","protected":false},"featured_media":132927,"comment_status":"open","ping_status":"closed","template":"","meta":{"neve_meta_sidebar":"","neve_meta_container":"","neve_meta_enable_content_width":"","neve_meta_content_width":0,"neve_meta_title_alignment":"","neve_meta_author_avatar":"","neve_post_elements_order":"","neve_meta_disable_header":"","neve_meta_disable_footer":"","neve_meta_disable_title":""},"product_brand":[],"product_cat":[1906],"product_tag":[],"class_list":{"0":"post-107797","1":"product","2":"type-product","3":"status-publish","4":"has-post-thumbnail","6":"product_cat-pastas-de-aneis-em-cartao","8":"first","9":"instock","10":"taxable","11":"shipping-taxable","12":"purchasable","13":"product-type-simple"},"_links":{"self":[{"href":"https:\/\/ifoffice.pt\/index.php?rest_route=\/wp\/v2\/product\/107797","targetHints":{"allow":["GET"]}}],"collection":[{"href":"https:\/\/ifoffice.pt\/index.php?rest_route=\/wp\/v2\/product"}],"about":[{"href":"https:\/\/ifoffice.pt\/index.php?rest_route=\/wp\/v2\/types\/product"}],"replies":[{"embeddable":true,"href":"https:\/\/ifoffice.pt\/index.php?rest_route=%2Fwp%2Fv2%2Fcomments&post=107797"}],"wp:featuredmedia":[{"embeddable":true,"href":"https:\/\/ifoffice.pt\/index.php?rest_route=\/wp\/v2\/media\/132927"}],"wp:attachment":[{"href":"https:\/\/ifoffice.pt\/index.php?rest_route=%2Fwp%2Fv2%2Fmedia&parent=107797"}],"wp:term":[{"taxonomy":"product_brand","embeddable":true,"href":"https:\/\/ifoffice.pt\/index.php?rest_route=%2Fwp%2Fv2%2Fproduct_brand&post=107797"},{"taxonomy":"product_cat","embeddable":true,"href":"https:\/\/ifoffice.pt\/index.php?rest_route=%2Fwp%2Fv2%2Fproduct_cat&post=107797"},{"taxonomy":"product_tag","embeddable":true,"href":"https:\/\/ifoffice.pt\/index.php?rest_route=%2Fwp%2Fv2%2Fproduct_tag&post=107797"}],"curies":[{"name":"wp","href":"https:\/\/api.w.org\/{rel}","templated":true}]}}